{"id":3104141,"date":"2026-04-22T10:04:29","date_gmt":"2026-04-22T10:04:29","guid":{"rendered":"https:\/\/www.clicdata.com\/?page_id=3104141"},"modified":"2026-04-22T10:04:30","modified_gmt":"2026-04-22T10:04:30","slug":"restaurants","status":"publish","type":"page","link":"https:\/\/www.clicdata.com\/fr\/secteur\/restaurants\/","title":{"rendered":"Restaurants"},"content":{"rendered":"","protected":false},"excerpt":{"rendered":"","protected":false},"author":8,"featured_media":0,"parent":3085767,"menu_order":0,"comment_status":"closed","ping_status":"closed","template":"","meta":{"_acf_changed":false,"_seopress_robots_primary_cat":"","_seopress_titles_title":"Logiciel d'analyse et de reporting pour les restaurants - Tableaux de bord multi-lieux","_seopress_titles_desc":"Centralisez les donn\u00e9es de vos restaurants et automatisez les rapports gr\u00e2ce \u00e0 des tableaux de bord en temps r\u00e9el. Suivez les indicateurs cl\u00e9s de performance, comparez les emplacements et surveillez les co\u00fbts unitaires dans l'ensemble de vos op\u00e9rations de restauration. ","_seopress_robots_index":"","footnotes":""},"class_list":["post-3104141","page","type-page","status-publish","hentry"],"acf":[],"_links":{"self":[{"href":"https:\/\/www.clicdata.com\/fr\/wp-json\/wp\/v2\/pages\/3104141","targetHints":{"allow":["GET"]}}],"collection":[{"href":"https:\/\/www.clicdata.com\/fr\/wp-json\/wp\/v2\/pages"}],"about":[{"href":"https:\/\/www.clicdata.com\/fr\/wp-json\/wp\/v2\/types\/page"}],"author":[{"embeddable":true,"href":"https:\/\/www.clicdata.com\/fr\/wp-json\/wp\/v2\/users\/8"}],"replies":[{"embeddable":true,"href":"https:\/\/www.clicdata.com\/fr\/wp-json\/wp\/v2\/comments?post=3104141"}],"version-history":[{"count":1,"href":"https:\/\/www.clicdata.com\/fr\/wp-json\/wp\/v2\/pages\/3104141\/revisions"}],"predecessor-version":[{"id":3104142,"href":"https:\/\/www.clicdata.com\/fr\/wp-json\/wp\/v2\/pages\/3104141\/revisions\/3104142"}],"up":[{"embeddable":true,"href":"https:\/\/www.clicdata.com\/fr\/wp-json\/wp\/v2\/pages\/3085767"}],"wp:attachment":[{"href":"https:\/\/www.clicdata.com\/fr\/wp-json\/wp\/v2\/media?parent=3104141"}],"curies":[{"name":"wp","href":"https:\/\/api.w.org\/{rel}","templated":true}]}}