{"id":3102119,"date":"2025-02-10T12:17:45","date_gmt":"2025-02-10T12:17:45","guid":{"rendered":"https:\/\/www.clicdata.com\/plateforme\/connecteurs-integrations\/"},"modified":"2025-12-08T10:17:25","modified_gmt":"2025-12-08T10:17:25","slug":"integration-donnees","status":"publish","type":"page","link":"https:\/\/www.clicdata.com\/fr\/plateforme\/integration-donnees\/","title":{"rendered":"Connecteurs &amp; Int\u00e9grations"},"content":{"rendered":"","protected":false},"excerpt":{"rendered":"","protected":false},"author":2,"featured_media":0,"parent":3085873,"menu_order":0,"comment_status":"closed","ping_status":"closed","template":"","meta":{"_acf_changed":false,"_seopress_robots_primary_cat":"","_seopress_titles_title":"Solution int\u00e9gration de donn\u00e9es performante | ClicData","_seopress_titles_desc":"D\u00e9couvrez ClicData : solution int\u00e9gration de donn\u00e9es pour connecter, centraliser et automatiser vos donn\u00e9es facilement.","_seopress_robots_index":"","footnotes":""},"class_list":["post-3102119","page","type-page","status-publish","hentry"],"acf":[],"_links":{"self":[{"href":"https:\/\/www.clicdata.com\/fr\/wp-json\/wp\/v2\/pages\/3102119","targetHints":{"allow":["GET"]}}],"collection":[{"href":"https:\/\/www.clicdata.com\/fr\/wp-json\/wp\/v2\/pages"}],"about":[{"href":"https:\/\/www.clicdata.com\/fr\/wp-json\/wp\/v2\/types\/page"}],"author":[{"embeddable":true,"href":"https:\/\/www.clicdata.com\/fr\/wp-json\/wp\/v2\/users\/2"}],"replies":[{"embeddable":true,"href":"https:\/\/www.clicdata.com\/fr\/wp-json\/wp\/v2\/comments?post=3102119"}],"version-history":[{"count":1,"href":"https:\/\/www.clicdata.com\/fr\/wp-json\/wp\/v2\/pages\/3102119\/revisions"}],"predecessor-version":[{"id":3102120,"href":"https:\/\/www.clicdata.com\/fr\/wp-json\/wp\/v2\/pages\/3102119\/revisions\/3102120"}],"up":[{"embeddable":true,"href":"https:\/\/www.clicdata.com\/fr\/wp-json\/wp\/v2\/pages\/3085873"}],"wp:attachment":[{"href":"https:\/\/www.clicdata.com\/fr\/wp-json\/wp\/v2\/media?parent=3102119"}],"curies":[{"name":"wp","href":"https:\/\/api.w.org\/{rel}","templated":true}]}}