{"id":3101904,"date":"2025-04-04T12:10:46","date_gmt":"2025-04-04T12:10:46","guid":{"rendered":"https:\/\/www.clicdata.com\/roles\/management-direction\/"},"modified":"2026-04-24T08:42:22","modified_gmt":"2026-04-24T08:42:22","slug":"management-direction","status":"publish","type":"page","link":"https:\/\/www.clicdata.com\/fr\/roles\/management-direction\/","title":{"rendered":"Management &amp; Direction"},"content":{"rendered":"","protected":false},"excerpt":{"rendered":"","protected":false},"author":5,"featured_media":0,"parent":3085905,"menu_order":0,"comment_status":"closed","ping_status":"closed","template":"","meta":{"_acf_changed":false,"_seopress_robots_primary_cat":"","_seopress_titles_title":"ClicData - Logiciel de BI pour les cadres pour diriger avec des donn\u00e9es | ClicData","_seopress_titles_desc":"Utilisez un puissant logiciel de BI pour les cadres afin de surveiller les KPI, de rationaliser les rapports et de prendre des d\u00e9cisions strat\u00e9giques \u00e0 l'aide de tableaux de bord en temps r\u00e9el.","_seopress_robots_index":"","footnotes":""},"class_list":["post-3101904","page","type-page","status-publish","hentry"],"acf":[],"_links":{"self":[{"href":"https:\/\/www.clicdata.com\/fr\/wp-json\/wp\/v2\/pages\/3101904","targetHints":{"allow":["GET"]}}],"collection":[{"href":"https:\/\/www.clicdata.com\/fr\/wp-json\/wp\/v2\/pages"}],"about":[{"href":"https:\/\/www.clicdata.com\/fr\/wp-json\/wp\/v2\/types\/page"}],"author":[{"embeddable":true,"href":"https:\/\/www.clicdata.com\/fr\/wp-json\/wp\/v2\/users\/5"}],"replies":[{"embeddable":true,"href":"https:\/\/www.clicdata.com\/fr\/wp-json\/wp\/v2\/comments?post=3101904"}],"version-history":[{"count":1,"href":"https:\/\/www.clicdata.com\/fr\/wp-json\/wp\/v2\/pages\/3101904\/revisions"}],"predecessor-version":[{"id":3101905,"href":"https:\/\/www.clicdata.com\/fr\/wp-json\/wp\/v2\/pages\/3101904\/revisions\/3101905"}],"up":[{"embeddable":true,"href":"https:\/\/www.clicdata.com\/fr\/wp-json\/wp\/v2\/pages\/3085905"}],"wp:attachment":[{"href":"https:\/\/www.clicdata.com\/fr\/wp-json\/wp\/v2\/media?parent=3101904"}],"curies":[{"name":"wp","href":"https:\/\/api.w.org\/{rel}","templated":true}]}}