{"id":3101899,"date":"2025-04-07T15:20:23","date_gmt":"2025-04-07T15:20:23","guid":{"rendered":"https:\/\/www.clicdata.com\/roles\/operations\/"},"modified":"2025-11-07T11:22:52","modified_gmt":"2025-11-07T11:22:52","slug":"operations","status":"publish","type":"page","link":"https:\/\/www.clicdata.com\/fr\/roles\/operations\/","title":{"rendered":"Op\u00e9rations"},"content":{"rendered":"","protected":false},"excerpt":{"rendered":"","protected":false},"author":5,"featured_media":0,"parent":3085905,"menu_order":0,"comment_status":"closed","ping_status":"closed","template":"","meta":{"_acf_changed":false,"_seopress_robots_primary_cat":"","_seopress_titles_title":"Optimisez vos op\u00e9rations avec ClicData pour plus d'efficacit\u00e9","_seopress_titles_desc":"Augmentez votre efficacit\u00e9 et votre rentabilit\u00e9 : Suivez vos stocks, analysez vos co\u00fbts et am\u00e9liorez vos flux de travail gr\u00e2ce \u00e0 la plateforme de donn\u00e9es tout-en-un de ClicData.","_seopress_robots_index":"","footnotes":""},"class_list":["post-3101899","page","type-page","status-publish","hentry"],"acf":[],"_links":{"self":[{"href":"https:\/\/www.clicdata.com\/fr\/wp-json\/wp\/v2\/pages\/3101899","targetHints":{"allow":["GET"]}}],"collection":[{"href":"https:\/\/www.clicdata.com\/fr\/wp-json\/wp\/v2\/pages"}],"about":[{"href":"https:\/\/www.clicdata.com\/fr\/wp-json\/wp\/v2\/types\/page"}],"author":[{"embeddable":true,"href":"https:\/\/www.clicdata.com\/fr\/wp-json\/wp\/v2\/users\/5"}],"replies":[{"embeddable":true,"href":"https:\/\/www.clicdata.com\/fr\/wp-json\/wp\/v2\/comments?post=3101899"}],"version-history":[{"count":1,"href":"https:\/\/www.clicdata.com\/fr\/wp-json\/wp\/v2\/pages\/3101899\/revisions"}],"predecessor-version":[{"id":3101900,"href":"https:\/\/www.clicdata.com\/fr\/wp-json\/wp\/v2\/pages\/3101899\/revisions\/3101900"}],"up":[{"embeddable":true,"href":"https:\/\/www.clicdata.com\/fr\/wp-json\/wp\/v2\/pages\/3085905"}],"wp:attachment":[{"href":"https:\/\/www.clicdata.com\/fr\/wp-json\/wp\/v2\/media?parent=3101899"}],"curies":[{"name":"wp","href":"https:\/\/api.w.org\/{rel}","templated":true}]}}