{"id":3101897,"date":"2025-08-27T12:47:53","date_gmt":"2025-08-27T12:47:53","guid":{"rendered":"https:\/\/www.clicdata.com\/roles\/directeurs-financiers-et-controleurs-de-gestion\/"},"modified":"2025-08-27T12:47:53","modified_gmt":"2025-08-27T12:47:53","slug":"directeurs-financiers-et-controleurs-de-gestion","status":"publish","type":"page","link":"https:\/\/www.clicdata.com\/fr\/roles\/directeurs-financiers-et-controleurs-de-gestion\/","title":{"rendered":"Directeurs financiers et contr\u00f4leurs de gestion"},"content":{"rendered":"","protected":false},"excerpt":{"rendered":"","protected":false},"author":5,"featured_media":0,"parent":3085905,"menu_order":0,"comment_status":"closed","ping_status":"closed","template":"","meta":{"_acf_changed":false,"_seopress_robots_primary_cat":"","_seopress_titles_title":"Outil de Pilotage Financier & Controle de Gestion | ClicData","_seopress_titles_desc":"Centralisez vos donn\u00e9es, responsabilisez vos \u00e9quipes et pr\u00e9servez votre tr\u00e9sorerie.","_seopress_robots_index":"","footnotes":""},"class_list":["post-3101897","page","type-page","status-publish","hentry"],"acf":[],"_links":{"self":[{"href":"https:\/\/www.clicdata.com\/fr\/wp-json\/wp\/v2\/pages\/3101897","targetHints":{"allow":["GET"]}}],"collection":[{"href":"https:\/\/www.clicdata.com\/fr\/wp-json\/wp\/v2\/pages"}],"about":[{"href":"https:\/\/www.clicdata.com\/fr\/wp-json\/wp\/v2\/types\/page"}],"author":[{"embeddable":true,"href":"https:\/\/www.clicdata.com\/fr\/wp-json\/wp\/v2\/users\/5"}],"replies":[{"embeddable":true,"href":"https:\/\/www.clicdata.com\/fr\/wp-json\/wp\/v2\/comments?post=3101897"}],"version-history":[{"count":0,"href":"https:\/\/www.clicdata.com\/fr\/wp-json\/wp\/v2\/pages\/3101897\/revisions"}],"up":[{"embeddable":true,"href":"https:\/\/www.clicdata.com\/fr\/wp-json\/wp\/v2\/pages\/3085905"}],"wp:attachment":[{"href":"https:\/\/www.clicdata.com\/fr\/wp-json\/wp\/v2\/media?parent=3101897"}],"curies":[{"name":"wp","href":"https:\/\/api.w.org\/{rel}","templated":true}]}}