{"id":3101894,"date":"2025-02-21T09:10:28","date_gmt":"2025-02-21T09:10:28","guid":{"rendered":"https:\/\/www.clicdata.com\/roles\/marketing\/"},"modified":"2025-02-21T09:10:28","modified_gmt":"2025-02-21T09:10:28","slug":"marketing","status":"publish","type":"page","link":"https:\/\/www.clicdata.com\/fr\/roles\/marketing\/","title":{"rendered":"Marketing"},"content":{"rendered":"","protected":false},"excerpt":{"rendered":"","protected":false},"author":5,"featured_media":0,"parent":3085905,"menu_order":0,"comment_status":"closed","ping_status":"closed","template":"","meta":{"_acf_changed":false,"_seopress_robots_primary_cat":"","_seopress_titles_title":"Le marketing g\u00e9n\u00e8re de la performance. Prouvez-le avec ClicData ","_seopress_titles_desc":"Obtenez une vision fiable de la performance de vos canaux marketing et mesurez votre ROI marketing global avec pr\u00e9cision gr\u00e2ce \u00e0 ClicData.","_seopress_robots_index":"","footnotes":""},"class_list":["post-3101894","page","type-page","status-publish","hentry"],"acf":[],"_links":{"self":[{"href":"https:\/\/www.clicdata.com\/fr\/wp-json\/wp\/v2\/pages\/3101894","targetHints":{"allow":["GET"]}}],"collection":[{"href":"https:\/\/www.clicdata.com\/fr\/wp-json\/wp\/v2\/pages"}],"about":[{"href":"https:\/\/www.clicdata.com\/fr\/wp-json\/wp\/v2\/types\/page"}],"author":[{"embeddable":true,"href":"https:\/\/www.clicdata.com\/fr\/wp-json\/wp\/v2\/users\/5"}],"replies":[{"embeddable":true,"href":"https:\/\/www.clicdata.com\/fr\/wp-json\/wp\/v2\/comments?post=3101894"}],"version-history":[{"count":0,"href":"https:\/\/www.clicdata.com\/fr\/wp-json\/wp\/v2\/pages\/3101894\/revisions"}],"up":[{"embeddable":true,"href":"https:\/\/www.clicdata.com\/fr\/wp-json\/wp\/v2\/pages\/3085905"}],"wp:attachment":[{"href":"https:\/\/www.clicdata.com\/fr\/wp-json\/wp\/v2\/media?parent=3101894"}],"curies":[{"name":"wp","href":"https:\/\/api.w.org\/{rel}","templated":true}]}}