{"id":3101891,"date":"2025-03-31T07:52:17","date_gmt":"2025-03-31T07:52:17","guid":{"rendered":"https:\/\/www.clicdata.com\/roles\/dsi-ctos\/"},"modified":"2025-11-07T09:54:27","modified_gmt":"2025-11-07T09:54:27","slug":"dsi-ctos","status":"publish","type":"page","link":"https:\/\/www.clicdata.com\/fr\/roles\/dsi-ctos\/","title":{"rendered":"DSI &amp; CTOs"},"content":{"rendered":"","protected":false},"excerpt":{"rendered":"","protected":false},"author":8,"featured_media":0,"parent":3085905,"menu_order":0,"comment_status":"closed","ping_status":"closed","template":"","meta":{"_acf_changed":false,"_seopress_robots_primary_cat":"","_seopress_titles_title":"ClicData pour les CTO et les DSI : Evolutif. Rentable.  S\u00e9curis\u00e9.","_seopress_titles_desc":"\u00c9voluez sans effort avec la plateforme tout-en-un de ClicData : r\u00e9duisez vos co\u00fbts, connectez plus de 500 syst\u00e8mes et restez en conformit\u00e9. Pas de changement de plateforme, pas de frais cach\u00e9s. ","_seopress_robots_index":"","footnotes":""},"class_list":["post-3101891","page","type-page","status-publish","hentry"],"acf":[],"_links":{"self":[{"href":"https:\/\/www.clicdata.com\/fr\/wp-json\/wp\/v2\/pages\/3101891","targetHints":{"allow":["GET"]}}],"collection":[{"href":"https:\/\/www.clicdata.com\/fr\/wp-json\/wp\/v2\/pages"}],"about":[{"href":"https:\/\/www.clicdata.com\/fr\/wp-json\/wp\/v2\/types\/page"}],"author":[{"embeddable":true,"href":"https:\/\/www.clicdata.com\/fr\/wp-json\/wp\/v2\/users\/8"}],"replies":[{"embeddable":true,"href":"https:\/\/www.clicdata.com\/fr\/wp-json\/wp\/v2\/comments?post=3101891"}],"version-history":[{"count":1,"href":"https:\/\/www.clicdata.com\/fr\/wp-json\/wp\/v2\/pages\/3101891\/revisions"}],"predecessor-version":[{"id":3101892,"href":"https:\/\/www.clicdata.com\/fr\/wp-json\/wp\/v2\/pages\/3101891\/revisions\/3101892"}],"up":[{"embeddable":true,"href":"https:\/\/www.clicdata.com\/fr\/wp-json\/wp\/v2\/pages\/3085905"}],"wp:attachment":[{"href":"https:\/\/www.clicdata.com\/fr\/wp-json\/wp\/v2\/media?parent=3101891"}],"curies":[{"name":"wp","href":"https:\/\/api.w.org\/{rel}","templated":true}]}}