{"id":3101843,"date":"2025-03-31T07:35:23","date_gmt":"2025-03-31T07:35:23","guid":{"rendered":"https:\/\/www.clicdata.com\/roles\/vente\/"},"modified":"2025-11-06T16:07:12","modified_gmt":"2025-11-06T16:07:12","slug":"vente","status":"publish","type":"page","link":"https:\/\/www.clicdata.com\/fr\/roles\/vente\/","title":{"rendered":"Vente"},"content":{"rendered":"","protected":false},"excerpt":{"rendered":"","protected":false},"author":8,"featured_media":0,"parent":3085905,"menu_order":0,"comment_status":"closed","ping_status":"closed","template":"","meta":{"_acf_changed":false,"_seopress_robots_primary_cat":"","_seopress_titles_title":"ClicData : des donn\u00e9es fiables pour les directeurs commerciaux | ClicData","_seopress_titles_desc":"Boostez vos performances commerciales gr\u00e2ce aux analyses de ClicData pour la croissance du pipeline, la productivit\u00e9 et le suivi du chiffre d'affaires. Donnez \u00e0 votre \u00e9quipe les moyens de conclure des affaires plus rapidement ! ","_seopress_robots_index":"","footnotes":""},"class_list":["post-3101843","page","type-page","status-publish","hentry"],"acf":[],"_links":{"self":[{"href":"https:\/\/www.clicdata.com\/fr\/wp-json\/wp\/v2\/pages\/3101843","targetHints":{"allow":["GET"]}}],"collection":[{"href":"https:\/\/www.clicdata.com\/fr\/wp-json\/wp\/v2\/pages"}],"about":[{"href":"https:\/\/www.clicdata.com\/fr\/wp-json\/wp\/v2\/types\/page"}],"author":[{"embeddable":true,"href":"https:\/\/www.clicdata.com\/fr\/wp-json\/wp\/v2\/users\/8"}],"replies":[{"embeddable":true,"href":"https:\/\/www.clicdata.com\/fr\/wp-json\/wp\/v2\/comments?post=3101843"}],"version-history":[{"count":1,"href":"https:\/\/www.clicdata.com\/fr\/wp-json\/wp\/v2\/pages\/3101843\/revisions"}],"predecessor-version":[{"id":3101844,"href":"https:\/\/www.clicdata.com\/fr\/wp-json\/wp\/v2\/pages\/3101843\/revisions\/3101844"}],"up":[{"embeddable":true,"href":"https:\/\/www.clicdata.com\/fr\/wp-json\/wp\/v2\/pages\/3085905"}],"wp:attachment":[{"href":"https:\/\/www.clicdata.com\/fr\/wp-json\/wp\/v2\/media?parent=3101843"}],"curies":[{"name":"wp","href":"https:\/\/api.w.org\/{rel}","templated":true}]}}