{"id":3101840,"date":"2025-04-11T11:30:04","date_gmt":"2025-04-11T11:30:04","guid":{"rendered":"https:\/\/www.clicdata.com\/roles\/consultants\/"},"modified":"2025-11-08T17:42:57","modified_gmt":"2025-11-08T17:42:57","slug":"consultants","status":"publish","type":"page","link":"https:\/\/www.clicdata.com\/fr\/roles\/consultants\/","title":{"rendered":"Consultants"},"content":{"rendered":"","protected":false},"excerpt":{"rendered":"","protected":false},"author":5,"featured_media":0,"parent":3085905,"menu_order":0,"comment_status":"closed","ping_status":"closed","template":"","meta":{"_acf_changed":false,"_seopress_robots_primary_cat":"","_seopress_titles_title":"Plateforme BI Tout En Un Pour Consultants | ClicData","_seopress_titles_desc":"Lancez des solutions BI compl\u00e8tes en quelques jours avec la plateforme ClicData, con\u00e7ue pour les PME et les consultants ind\u00e9pendants. Simplifiez l'int\u00e9gration, augmentez vos profits. ","_seopress_robots_index":"","footnotes":""},"class_list":["post-3101840","page","type-page","status-publish","hentry"],"acf":[],"_links":{"self":[{"href":"https:\/\/www.clicdata.com\/fr\/wp-json\/wp\/v2\/pages\/3101840","targetHints":{"allow":["GET"]}}],"collection":[{"href":"https:\/\/www.clicdata.com\/fr\/wp-json\/wp\/v2\/pages"}],"about":[{"href":"https:\/\/www.clicdata.com\/fr\/wp-json\/wp\/v2\/types\/page"}],"author":[{"embeddable":true,"href":"https:\/\/www.clicdata.com\/fr\/wp-json\/wp\/v2\/users\/5"}],"replies":[{"embeddable":true,"href":"https:\/\/www.clicdata.com\/fr\/wp-json\/wp\/v2\/comments?post=3101840"}],"version-history":[{"count":1,"href":"https:\/\/www.clicdata.com\/fr\/wp-json\/wp\/v2\/pages\/3101840\/revisions"}],"predecessor-version":[{"id":3101841,"href":"https:\/\/www.clicdata.com\/fr\/wp-json\/wp\/v2\/pages\/3101840\/revisions\/3101841"}],"up":[{"embeddable":true,"href":"https:\/\/www.clicdata.com\/fr\/wp-json\/wp\/v2\/pages\/3085905"}],"wp:attachment":[{"href":"https:\/\/www.clicdata.com\/fr\/wp-json\/wp\/v2\/media?parent=3101840"}],"curies":[{"name":"wp","href":"https:\/\/api.w.org\/{rel}","templated":true}]}}