{"id":3101838,"date":"2025-04-01T07:57:17","date_gmt":"2025-04-01T07:57:17","guid":{"rendered":"https:\/\/www.clicdata.com\/roles\/chef-de-projet\/"},"modified":"2025-11-06T13:57:27","modified_gmt":"2025-11-06T13:57:27","slug":"chef-de-projet","status":"publish","type":"page","link":"https:\/\/www.clicdata.com\/fr\/roles\/chef-de-projet\/","title":{"rendered":"Chef de projet"},"content":{"rendered":"","protected":false},"excerpt":{"rendered":"","protected":false},"author":8,"featured_media":0,"parent":3085905,"menu_order":0,"comment_status":"closed","ping_status":"closed","template":"","meta":{"_acf_changed":false,"_seopress_robots_primary_cat":"","_seopress_titles_title":"Suivi de projet : Travaillez plus efficacement avec vos donn\u00e9es | ClicData","_seopress_titles_desc":"Ma\u00eetrisez les \u00e9tapes et maximisez l'impact gr\u00e2ce \u00e0 la planification des ressources et aux donn\u00e9es en temps r\u00e9el. Pr\u00e9voyez les points de blocage et am\u00e9liorez la transparence. Ne manquez jamais une \u00e9ch\u00e9ance.  ","_seopress_robots_index":"","footnotes":""},"class_list":["post-3101838","page","type-page","status-publish","hentry"],"acf":[],"_links":{"self":[{"href":"https:\/\/www.clicdata.com\/fr\/wp-json\/wp\/v2\/pages\/3101838","targetHints":{"allow":["GET"]}}],"collection":[{"href":"https:\/\/www.clicdata.com\/fr\/wp-json\/wp\/v2\/pages"}],"about":[{"href":"https:\/\/www.clicdata.com\/fr\/wp-json\/wp\/v2\/types\/page"}],"author":[{"embeddable":true,"href":"https:\/\/www.clicdata.com\/fr\/wp-json\/wp\/v2\/users\/8"}],"replies":[{"embeddable":true,"href":"https:\/\/www.clicdata.com\/fr\/wp-json\/wp\/v2\/comments?post=3101838"}],"version-history":[{"count":1,"href":"https:\/\/www.clicdata.com\/fr\/wp-json\/wp\/v2\/pages\/3101838\/revisions"}],"predecessor-version":[{"id":3101839,"href":"https:\/\/www.clicdata.com\/fr\/wp-json\/wp\/v2\/pages\/3101838\/revisions\/3101839"}],"up":[{"embeddable":true,"href":"https:\/\/www.clicdata.com\/fr\/wp-json\/wp\/v2\/pages\/3085905"}],"wp:attachment":[{"href":"https:\/\/www.clicdata.com\/fr\/wp-json\/wp\/v2\/media?parent=3101838"}],"curies":[{"name":"wp","href":"https:\/\/api.w.org\/{rel}","templated":true}]}}