{"id":3101777,"date":"2025-03-31T07:52:52","date_gmt":"2025-03-31T07:52:52","guid":{"rendered":"https:\/\/www.clicdata.com\/roles\/data-analystes-engineers\/"},"modified":"2026-04-24T09:21:47","modified_gmt":"2026-04-24T09:21:47","slug":"data-analystes-engineers","status":"publish","type":"page","link":"https:\/\/www.clicdata.com\/fr\/roles\/data-analystes-engineers\/","title":{"rendered":"Data Analystes &amp; Engineers"},"content":{"rendered":"","protected":false},"excerpt":{"rendered":"","protected":false},"author":8,"featured_media":0,"parent":3085905,"menu_order":0,"comment_status":"closed","ping_status":"closed","template":"","meta":{"_acf_changed":false,"_seopress_robots_primary_cat":"","_seopress_titles_title":"Outil d'analyse de donn\u00e9es pour la cr\u00e9ation de rapports avanc\u00e9s | ClicData","_seopress_titles_desc":"Explorez notre puissant outil d'analyse de donn\u00e9es pour connecter les sources, nettoyer les donn\u00e9es et cr\u00e9er des tableaux de bord perspicaces qui acc\u00e9l\u00e8rent l'analyse.","_seopress_robots_index":"","footnotes":""},"class_list":["post-3101777","page","type-page","status-publish","hentry"],"acf":[],"_links":{"self":[{"href":"https:\/\/www.clicdata.com\/fr\/wp-json\/wp\/v2\/pages\/3101777","targetHints":{"allow":["GET"]}}],"collection":[{"href":"https:\/\/www.clicdata.com\/fr\/wp-json\/wp\/v2\/pages"}],"about":[{"href":"https:\/\/www.clicdata.com\/fr\/wp-json\/wp\/v2\/types\/page"}],"author":[{"embeddable":true,"href":"https:\/\/www.clicdata.com\/fr\/wp-json\/wp\/v2\/users\/8"}],"replies":[{"embeddable":true,"href":"https:\/\/www.clicdata.com\/fr\/wp-json\/wp\/v2\/comments?post=3101777"}],"version-history":[{"count":1,"href":"https:\/\/www.clicdata.com\/fr\/wp-json\/wp\/v2\/pages\/3101777\/revisions"}],"predecessor-version":[{"id":3101837,"href":"https:\/\/www.clicdata.com\/fr\/wp-json\/wp\/v2\/pages\/3101777\/revisions\/3101837"}],"up":[{"embeddable":true,"href":"https:\/\/www.clicdata.com\/fr\/wp-json\/wp\/v2\/pages\/3085905"}],"wp:attachment":[{"href":"https:\/\/www.clicdata.com\/fr\/wp-json\/wp\/v2\/media?parent=3101777"}],"curies":[{"name":"wp","href":"https:\/\/api.w.org\/{rel}","templated":true}]}}