{"id":3101716,"date":"2025-06-20T08:54:18","date_gmt":"2025-06-20T08:54:18","guid":{"rendered":"https:\/\/www.clicdata.com\/secteur\/ecoles-et-universites\/"},"modified":"2026-03-30T12:53:34","modified_gmt":"2026-03-30T12:53:34","slug":"ecoles-et-universites","status":"publish","type":"page","link":"https:\/\/www.clicdata.com\/fr\/secteur\/ecoles-et-universites\/","title":{"rendered":"\u00c9coles et universit\u00e9s"},"content":{"rendered":"","protected":false},"excerpt":{"rendered":"","protected":false},"author":2,"featured_media":0,"parent":3085767,"menu_order":0,"comment_status":"closed","ping_status":"closed","template":"","meta":{"_acf_changed":false,"_seopress_robots_primary_cat":"","_seopress_titles_title":"Tableaux de Bord Pour Universit\u00e9 & Ecoles | ClicData","_seopress_titles_desc":"Suivez vos admissions, les taux de conversions par levier marketing et les r\u00e9sultats de vos \u00e9tudiants et apprenants avec des tableaux de bord personnalis\u00e9s. ","_seopress_robots_index":"","footnotes":""},"class_list":["post-3101716","page","type-page","status-publish","hentry"],"acf":[],"_links":{"self":[{"href":"https:\/\/www.clicdata.com\/fr\/wp-json\/wp\/v2\/pages\/3101716","targetHints":{"allow":["GET"]}}],"collection":[{"href":"https:\/\/www.clicdata.com\/fr\/wp-json\/wp\/v2\/pages"}],"about":[{"href":"https:\/\/www.clicdata.com\/fr\/wp-json\/wp\/v2\/types\/page"}],"author":[{"embeddable":true,"href":"https:\/\/www.clicdata.com\/fr\/wp-json\/wp\/v2\/users\/2"}],"replies":[{"embeddable":true,"href":"https:\/\/www.clicdata.com\/fr\/wp-json\/wp\/v2\/comments?post=3101716"}],"version-history":[{"count":1,"href":"https:\/\/www.clicdata.com\/fr\/wp-json\/wp\/v2\/pages\/3101716\/revisions"}],"predecessor-version":[{"id":3101717,"href":"https:\/\/www.clicdata.com\/fr\/wp-json\/wp\/v2\/pages\/3101716\/revisions\/3101717"}],"up":[{"embeddable":true,"href":"https:\/\/www.clicdata.com\/fr\/wp-json\/wp\/v2\/pages\/3085767"}],"wp:attachment":[{"href":"https:\/\/www.clicdata.com\/fr\/wp-json\/wp\/v2\/media?parent=3101716"}],"curies":[{"name":"wp","href":"https:\/\/api.w.org\/{rel}","templated":true}]}}