{"id":3101715,"date":"2025-03-21T19:53:20","date_gmt":"2025-03-21T19:53:20","guid":{"rendered":"https:\/\/www.clicdata.com\/secteur\/sante-pharma\/"},"modified":"2026-03-30T09:24:09","modified_gmt":"2026-03-30T09:24:09","slug":"sante-pharma","status":"publish","type":"page","link":"https:\/\/www.clicdata.com\/fr\/secteur\/sante-pharma\/","title":{"rendered":"Sant\u00e9 &amp; Pharma"},"content":{"rendered":"","protected":false},"excerpt":{"rendered":"","protected":false},"author":5,"featured_media":0,"parent":3085767,"menu_order":0,"comment_status":"closed","ping_status":"closed","template":"","meta":{"_acf_changed":false,"_seopress_robots_primary_cat":"","_seopress_titles_title":"Logiciel de Business Intelligence Pharma | ClicData","_seopress_titles_desc":"Utilisez un logiciel d'analyse des soins de sant\u00e9 pour surveiller les donn\u00e9es des patients, les mesures de performance et la conformit\u00e9. Am\u00e9liorez les soins gr\u00e2ce \u00e0 des informations fond\u00e9es sur des donn\u00e9es. ","_seopress_robots_index":"","footnotes":""},"class_list":["post-3101715","page","type-page","status-publish","hentry"],"acf":[],"_links":{"self":[{"href":"https:\/\/www.clicdata.com\/fr\/wp-json\/wp\/v2\/pages\/3101715","targetHints":{"allow":["GET"]}}],"collection":[{"href":"https:\/\/www.clicdata.com\/fr\/wp-json\/wp\/v2\/pages"}],"about":[{"href":"https:\/\/www.clicdata.com\/fr\/wp-json\/wp\/v2\/types\/page"}],"author":[{"embeddable":true,"href":"https:\/\/www.clicdata.com\/fr\/wp-json\/wp\/v2\/users\/5"}],"replies":[{"embeddable":true,"href":"https:\/\/www.clicdata.com\/fr\/wp-json\/wp\/v2\/comments?post=3101715"}],"version-history":[{"count":1,"href":"https:\/\/www.clicdata.com\/fr\/wp-json\/wp\/v2\/pages\/3101715\/revisions"}],"predecessor-version":[{"id":3101979,"href":"https:\/\/www.clicdata.com\/fr\/wp-json\/wp\/v2\/pages\/3101715\/revisions\/3101979"}],"up":[{"embeddable":true,"href":"https:\/\/www.clicdata.com\/fr\/wp-json\/wp\/v2\/pages\/3085767"}],"wp:attachment":[{"href":"https:\/\/www.clicdata.com\/fr\/wp-json\/wp\/v2\/media?parent=3101715"}],"curies":[{"name":"wp","href":"https:\/\/api.w.org\/{rel}","templated":true}]}}