{"id":3101712,"date":"2025-03-20T15:59:45","date_gmt":"2025-03-20T15:59:45","guid":{"rendered":"https:\/\/www.clicdata.com\/secteur\/services-financiers\/"},"modified":"2026-03-30T09:36:25","modified_gmt":"2026-03-30T09:36:25","slug":"services-financiers","status":"publish","type":"page","link":"https:\/\/www.clicdata.com\/fr\/secteur\/services-financiers\/","title":{"rendered":"Services financiers"},"content":{"rendered":"","protected":false},"excerpt":{"rendered":"","protected":false},"author":5,"featured_media":0,"parent":3085767,"menu_order":0,"comment_status":"closed","ping_status":"closed","template":"","meta":{"_acf_changed":false,"_seopress_robots_primary_cat":"","_seopress_titles_title":"Outil Tableau de Bord Experts & Cabinets Comptables | ClicData","_seopress_titles_desc":"Suivez les indicateurs cl\u00e9s de performance, les budgets et les pr\u00e9visions \u00e0 l'aide d'un logiciel de tableau de bord financier. B\u00e9n\u00e9ficiez d'une visibilit\u00e9 totale sur vos performances financi\u00e8res. ","_seopress_robots_index":"","footnotes":""},"class_list":["post-3101712","page","type-page","status-publish","hentry"],"acf":[],"_links":{"self":[{"href":"https:\/\/www.clicdata.com\/fr\/wp-json\/wp\/v2\/pages\/3101712","targetHints":{"allow":["GET"]}}],"collection":[{"href":"https:\/\/www.clicdata.com\/fr\/wp-json\/wp\/v2\/pages"}],"about":[{"href":"https:\/\/www.clicdata.com\/fr\/wp-json\/wp\/v2\/types\/page"}],"author":[{"embeddable":true,"href":"https:\/\/www.clicdata.com\/fr\/wp-json\/wp\/v2\/users\/5"}],"replies":[{"embeddable":true,"href":"https:\/\/www.clicdata.com\/fr\/wp-json\/wp\/v2\/comments?post=3101712"}],"version-history":[{"count":1,"href":"https:\/\/www.clicdata.com\/fr\/wp-json\/wp\/v2\/pages\/3101712\/revisions"}],"predecessor-version":[{"id":3102994,"href":"https:\/\/www.clicdata.com\/fr\/wp-json\/wp\/v2\/pages\/3101712\/revisions\/3102994"}],"up":[{"embeddable":true,"href":"https:\/\/www.clicdata.com\/fr\/wp-json\/wp\/v2\/pages\/3085767"}],"wp:attachment":[{"href":"https:\/\/www.clicdata.com\/fr\/wp-json\/wp\/v2\/media?parent=3101712"}],"curies":[{"name":"wp","href":"https:\/\/api.w.org\/{rel}","templated":true}]}}