{"id":3101708,"date":"2025-03-24T10:06:04","date_gmt":"2025-03-24T10:06:04","guid":{"rendered":"https:\/\/www.clicdata.com\/secteur\/services-de-conseil-aux-entreprises\/"},"modified":"2026-03-30T08:59:47","modified_gmt":"2026-03-30T08:59:47","slug":"consulting","status":"publish","type":"page","link":"https:\/\/www.clicdata.com\/fr\/secteur\/consulting\/","title":{"rendered":"Services de conseil aux entreprises"},"content":{"rendered":"","protected":false},"excerpt":{"rendered":"","protected":false},"author":5,"featured_media":0,"parent":3085767,"menu_order":0,"comment_status":"closed","ping_status":"closed","template":"","meta":{"_acf_changed":false,"_seopress_robots_primary_cat":"","_seopress_titles_title":"Solution de BI Cabinet de Conseils | ClicData","_seopress_titles_desc":"En plus de vos conseils, produisez des rapports personnalis\u00e9s et professionnels pour chacun de vos clients gr\u00e2ce \u00e0 ClicData en marque blanche. ","_seopress_robots_index":"","footnotes":""},"class_list":["post-3101708","page","type-page","status-publish","hentry"],"acf":[],"_links":{"self":[{"href":"https:\/\/www.clicdata.com\/fr\/wp-json\/wp\/v2\/pages\/3101708","targetHints":{"allow":["GET"]}}],"collection":[{"href":"https:\/\/www.clicdata.com\/fr\/wp-json\/wp\/v2\/pages"}],"about":[{"href":"https:\/\/www.clicdata.com\/fr\/wp-json\/wp\/v2\/types\/page"}],"author":[{"embeddable":true,"href":"https:\/\/www.clicdata.com\/fr\/wp-json\/wp\/v2\/users\/5"}],"replies":[{"embeddable":true,"href":"https:\/\/www.clicdata.com\/fr\/wp-json\/wp\/v2\/comments?post=3101708"}],"version-history":[{"count":4,"href":"https:\/\/www.clicdata.com\/fr\/wp-json\/wp\/v2\/pages\/3101708\/revisions"}],"predecessor-version":[{"id":3102997,"href":"https:\/\/www.clicdata.com\/fr\/wp-json\/wp\/v2\/pages\/3101708\/revisions\/3102997"}],"up":[{"embeddable":true,"href":"https:\/\/www.clicdata.com\/fr\/wp-json\/wp\/v2\/pages\/3085767"}],"wp:attachment":[{"href":"https:\/\/www.clicdata.com\/fr\/wp-json\/wp\/v2\/media?parent=3101708"}],"curies":[{"name":"wp","href":"https:\/\/api.w.org\/{rel}","templated":true}]}}