{"id":3101696,"date":"2025-04-04T13:41:06","date_gmt":"2025-04-04T13:41:06","guid":{"rendered":"https:\/\/www.clicdata.com\/secteur\/saas\/"},"modified":"2026-03-30T08:46:58","modified_gmt":"2026-03-30T08:46:58","slug":"saas","status":"publish","type":"page","link":"https:\/\/www.clicdata.com\/fr\/secteur\/saas\/","title":{"rendered":"SaaS"},"content":{"rendered":"","protected":false},"excerpt":{"rendered":"","protected":false},"author":5,"featured_media":0,"parent":3085767,"menu_order":0,"comment_status":"closed","ping_status":"closed","template":"","meta":{"_acf_changed":false,"_seopress_robots_primary_cat":"","_seopress_titles_title":"Solution Embedded Analytics Pour Le SaaS | ClicData","_seopress_titles_desc":"Augmentez votre application avec de l'embedded analytics. Int\u00e9grez des tableaux de bord en marque blanche sans aucun d\u00e9veloppement, ni compromis sur la s\u00e9cuit\u00e9 des donn\u00e9es. ","_seopress_robots_index":"","footnotes":""},"class_list":["post-3101696","page","type-page","status-publish","hentry"],"acf":[],"_links":{"self":[{"href":"https:\/\/www.clicdata.com\/fr\/wp-json\/wp\/v2\/pages\/3101696","targetHints":{"allow":["GET"]}}],"collection":[{"href":"https:\/\/www.clicdata.com\/fr\/wp-json\/wp\/v2\/pages"}],"about":[{"href":"https:\/\/www.clicdata.com\/fr\/wp-json\/wp\/v2\/types\/page"}],"author":[{"embeddable":true,"href":"https:\/\/www.clicdata.com\/fr\/wp-json\/wp\/v2\/users\/5"}],"replies":[{"embeddable":true,"href":"https:\/\/www.clicdata.com\/fr\/wp-json\/wp\/v2\/comments?post=3101696"}],"version-history":[{"count":1,"href":"https:\/\/www.clicdata.com\/fr\/wp-json\/wp\/v2\/pages\/3101696\/revisions"}],"predecessor-version":[{"id":3101697,"href":"https:\/\/www.clicdata.com\/fr\/wp-json\/wp\/v2\/pages\/3101696\/revisions\/3101697"}],"up":[{"embeddable":true,"href":"https:\/\/www.clicdata.com\/fr\/wp-json\/wp\/v2\/pages\/3085767"}],"wp:attachment":[{"href":"https:\/\/www.clicdata.com\/fr\/wp-json\/wp\/v2\/media?parent=3101696"}],"curies":[{"name":"wp","href":"https:\/\/api.w.org\/{rel}","templated":true}]}}