{"id":3101694,"date":"2025-03-07T13:15:59","date_gmt":"2025-03-07T13:15:59","guid":{"rendered":"https:\/\/www.clicdata.com\/secteur\/hotellerie-restauration\/"},"modified":"2026-04-22T09:19:53","modified_gmt":"2026-04-22T09:19:53","slug":"hotellerie-restauration","status":"publish","type":"page","link":"https:\/\/www.clicdata.com\/fr\/secteur\/hotellerie-restauration\/","title":{"rendered":"Hotels"},"content":{"rendered":"","protected":false},"excerpt":{"rendered":"","protected":false},"author":5,"featured_media":0,"parent":3085767,"menu_order":0,"comment_status":"closed","ping_status":"closed","template":"","meta":{"_acf_changed":false,"_seopress_robots_primary_cat":"","_seopress_titles_title":"Business Intelligence & Reporting H\u00f4telier pour les H\u00f4tels Multi-\u00c9tablissements","_seopress_titles_desc":"Business Intelligence h\u00f4teli\u00e8re qui centralise les donn\u00e9es PMS, de r\u00e9servation et financi\u00e8res. Surveillez le taux d'occupation, le RevPAR, les tendances des revenus et les performances \u00e0 travers vos \u00e9tablissements. ","_seopress_robots_index":"","footnotes":""},"class_list":["post-3101694","page","type-page","status-publish","hentry"],"acf":[],"_links":{"self":[{"href":"https:\/\/www.clicdata.com\/fr\/wp-json\/wp\/v2\/pages\/3101694","targetHints":{"allow":["GET"]}}],"collection":[{"href":"https:\/\/www.clicdata.com\/fr\/wp-json\/wp\/v2\/pages"}],"about":[{"href":"https:\/\/www.clicdata.com\/fr\/wp-json\/wp\/v2\/types\/page"}],"author":[{"embeddable":true,"href":"https:\/\/www.clicdata.com\/fr\/wp-json\/wp\/v2\/users\/5"}],"replies":[{"embeddable":true,"href":"https:\/\/www.clicdata.com\/fr\/wp-json\/wp\/v2\/comments?post=3101694"}],"version-history":[{"count":2,"href":"https:\/\/www.clicdata.com\/fr\/wp-json\/wp\/v2\/pages\/3101694\/revisions"}],"predecessor-version":[{"id":3104131,"href":"https:\/\/www.clicdata.com\/fr\/wp-json\/wp\/v2\/pages\/3101694\/revisions\/3104131"}],"up":[{"embeddable":true,"href":"https:\/\/www.clicdata.com\/fr\/wp-json\/wp\/v2\/pages\/3085767"}],"wp:attachment":[{"href":"https:\/\/www.clicdata.com\/fr\/wp-json\/wp\/v2\/media?parent=3101694"}],"curies":[{"name":"wp","href":"https:\/\/api.w.org\/{rel}","templated":true}]}}