{"id":3101680,"date":"2025-02-07T21:42:39","date_gmt":"2025-02-07T21:42:39","guid":{"rendered":"https:\/\/www.clicdata.com\/secteur\/retail-ecommerce\/"},"modified":"2026-03-30T08:30:36","modified_gmt":"2026-03-30T08:30:36","slug":"retail","status":"publish","type":"page","link":"https:\/\/www.clicdata.com\/fr\/secteur\/retail\/","title":{"rendered":"Retail &amp; eCommerce"},"content":{"rendered":"","protected":false},"excerpt":{"rendered":"","protected":false},"author":2,"featured_media":0,"parent":3085767,"menu_order":0,"comment_status":"closed","ping_status":"closed","template":"","meta":{"_acf_changed":false,"_seopress_robots_primary_cat":"","_seopress_titles_title":"Outil de Tableau de Bord eCommerce | ClicData","_seopress_titles_desc":"Connectez tous vos outils m\u00e9tier et pilotez vos campagnes d'acquisition marketing, ventes en magasin, et vos stocks en entrep\u00f4t. Tous vos KPIs centralis\u00e9s et unifi\u00e9s dans un outil de BI.  ","_seopress_robots_index":"","footnotes":""},"class_list":["post-3101680","page","type-page","status-publish","hentry"],"acf":[],"_links":{"self":[{"href":"https:\/\/www.clicdata.com\/fr\/wp-json\/wp\/v2\/pages\/3101680","targetHints":{"allow":["GET"]}}],"collection":[{"href":"https:\/\/www.clicdata.com\/fr\/wp-json\/wp\/v2\/pages"}],"about":[{"href":"https:\/\/www.clicdata.com\/fr\/wp-json\/wp\/v2\/types\/page"}],"author":[{"embeddable":true,"href":"https:\/\/www.clicdata.com\/fr\/wp-json\/wp\/v2\/users\/2"}],"replies":[{"embeddable":true,"href":"https:\/\/www.clicdata.com\/fr\/wp-json\/wp\/v2\/comments?post=3101680"}],"version-history":[{"count":1,"href":"https:\/\/www.clicdata.com\/fr\/wp-json\/wp\/v2\/pages\/3101680\/revisions"}],"predecessor-version":[{"id":3101681,"href":"https:\/\/www.clicdata.com\/fr\/wp-json\/wp\/v2\/pages\/3101680\/revisions\/3101681"}],"up":[{"embeddable":true,"href":"https:\/\/www.clicdata.com\/fr\/wp-json\/wp\/v2\/pages\/3085767"}],"wp:attachment":[{"href":"https:\/\/www.clicdata.com\/fr\/wp-json\/wp\/v2\/media?parent=3101680"}],"curies":[{"name":"wp","href":"https:\/\/api.w.org\/{rel}","templated":true}]}}