{"id":3101667,"date":"2025-03-19T08:39:38","date_gmt":"2025-03-19T08:39:38","guid":{"rendered":"https:\/\/www.clicdata.com\/secteur\/agences-marketing\/"},"modified":"2026-03-27T16:25:42","modified_gmt":"2026-03-27T16:25:42","slug":"agences-marketing","status":"publish","type":"page","link":"https:\/\/www.clicdata.com\/fr\/secteur\/agences-marketing\/","title":{"rendered":"Agences Marketing"},"content":{"rendered":"","protected":false},"excerpt":{"rendered":"","protected":false},"author":5,"featured_media":0,"parent":3085767,"menu_order":0,"comment_status":"closed","ping_status":"closed","template":"","meta":{"_acf_changed":false,"_seopress_robots_primary_cat":"","_seopress_titles_title":"Logiciel de Reporting & ETL Agences Marketing PME | ClicData","_seopress_titles_desc":"Simplifiez le reporting marketing de vos campagnes gr\u00e2ce \u00e0 un logiciel BI tout-en-un. Automatisez les tableaux de bord et fournissez des KPIs en temps r\u00e9el \u00e0 vos clients. ","_seopress_robots_index":"","footnotes":""},"class_list":["post-3101667","page","type-page","status-publish","hentry"],"acf":[],"_links":{"self":[{"href":"https:\/\/www.clicdata.com\/fr\/wp-json\/wp\/v2\/pages\/3101667","targetHints":{"allow":["GET"]}}],"collection":[{"href":"https:\/\/www.clicdata.com\/fr\/wp-json\/wp\/v2\/pages"}],"about":[{"href":"https:\/\/www.clicdata.com\/fr\/wp-json\/wp\/v2\/types\/page"}],"author":[{"embeddable":true,"href":"https:\/\/www.clicdata.com\/fr\/wp-json\/wp\/v2\/users\/5"}],"replies":[{"embeddable":true,"href":"https:\/\/www.clicdata.com\/fr\/wp-json\/wp\/v2\/comments?post=3101667"}],"version-history":[{"count":1,"href":"https:\/\/www.clicdata.com\/fr\/wp-json\/wp\/v2\/pages\/3101667\/revisions"}],"predecessor-version":[{"id":3101668,"href":"https:\/\/www.clicdata.com\/fr\/wp-json\/wp\/v2\/pages\/3101667\/revisions\/3101668"}],"up":[{"embeddable":true,"href":"https:\/\/www.clicdata.com\/fr\/wp-json\/wp\/v2\/pages\/3085767"}],"wp:attachment":[{"href":"https:\/\/www.clicdata.com\/fr\/wp-json\/wp\/v2\/media?parent=3101667"}],"curies":[{"name":"wp","href":"https:\/\/api.w.org\/{rel}","templated":true}]}}