{"id":3101589,"date":"2025-10-30T23:00:55","date_gmt":"2025-10-30T23:00:55","guid":{"rendered":"https:\/\/www.clicdata.com\/plateforme\/etat\/"},"modified":"2026-04-27T08:23:14","modified_gmt":"2026-04-27T08:23:14","slug":"etat","status":"publish","type":"page","link":"https:\/\/www.clicdata.com\/fr\/plateforme\/etat\/","title":{"rendered":"Etat"},"content":{"rendered":"","protected":false},"excerpt":{"rendered":"","protected":false},"author":2,"featured_media":0,"parent":3085873,"menu_order":0,"comment_status":"closed","ping_status":"closed","template":"","meta":{"_acf_changed":false,"_seopress_robots_primary_cat":"","_seopress_titles_title":"ClicData Service Status and Uptime Monitoring | ClicData","_seopress_titles_desc":"Restez inform\u00e9 sur la surveillance des serveurs de ClicData, la s\u00e9curit\u00e9 des donn\u00e9es et les mises \u00e0 jour des services. D\u00e9couvrez notre port\u00e9e mondiale, notre garantie de disponibilit\u00e9 et notre calendrier de maintenance.","_seopress_robots_index":"","_seopress_analysis_target_kw":"","footnotes":""},"class_list":["post-3101589","page","type-page","status-publish","hentry"],"acf":[],"_links":{"self":[{"href":"https:\/\/www.clicdata.com\/fr\/wp-json\/wp\/v2\/pages\/3101589","targetHints":{"allow":["GET"]}}],"collection":[{"href":"https:\/\/www.clicdata.com\/fr\/wp-json\/wp\/v2\/pages"}],"about":[{"href":"https:\/\/www.clicdata.com\/fr\/wp-json\/wp\/v2\/types\/page"}],"author":[{"embeddable":true,"href":"https:\/\/www.clicdata.com\/fr\/wp-json\/wp\/v2\/users\/2"}],"replies":[{"embeddable":true,"href":"https:\/\/www.clicdata.com\/fr\/wp-json\/wp\/v2\/comments?post=3101589"}],"version-history":[{"count":1,"href":"https:\/\/www.clicdata.com\/fr\/wp-json\/wp\/v2\/pages\/3101589\/revisions"}],"predecessor-version":[{"id":3102760,"href":"https:\/\/www.clicdata.com\/fr\/wp-json\/wp\/v2\/pages\/3101589\/revisions\/3102760"}],"up":[{"embeddable":true,"href":"https:\/\/www.clicdata.com\/fr\/wp-json\/wp\/v2\/pages\/3085873"}],"wp:attachment":[{"href":"https:\/\/www.clicdata.com\/fr\/wp-json\/wp\/v2\/media?parent=3101589"}],"curies":[{"name":"wp","href":"https:\/\/api.w.org\/{rel}","templated":true}]}}