{"id":3101535,"date":"2025-10-29T12:04:09","date_gmt":"2025-10-29T12:04:09","guid":{"rendered":"https:\/\/www.clicdata.com\/?page_id=3101535"},"modified":"2026-03-27T15:57:53","modified_gmt":"2026-03-27T15:57:53","slug":"home-2025-10","status":"publish","type":"page","link":"https:\/\/www.clicdata.com\/fr\/","title":{"rendered":"Home"},"content":{"rendered":"","protected":false},"excerpt":{"rendered":"","protected":false},"author":2,"featured_media":0,"parent":0,"menu_order":0,"comment_status":"closed","ping_status":"closed","template":"","meta":{"_acf_changed":false,"_seopress_robots_primary_cat":"","_seopress_titles_title":"Solution Data Analytics et Business Intelligence | ClicData","_seopress_titles_desc":"Aucune autre plateforme d'analyse et de gestion des donn\u00e9es ne vous offre autant de puissance. Connectez, g\u00e9rez, automatisez, analysez, visualisez et partagez vos donn\u00e9es \u00e0 partir d'un seul endroit. ","_seopress_robots_index":"","footnotes":""},"class_list":["post-3101535","page","type-page","status-publish","hentry"],"acf":[],"_links":{"self":[{"href":"https:\/\/www.clicdata.com\/fr\/wp-json\/wp\/v2\/pages\/3101535","targetHints":{"allow":["GET"]}}],"collection":[{"href":"https:\/\/www.clicdata.com\/fr\/wp-json\/wp\/v2\/pages"}],"about":[{"href":"https:\/\/www.clicdata.com\/fr\/wp-json\/wp\/v2\/types\/page"}],"author":[{"embeddable":true,"href":"https:\/\/www.clicdata.com\/fr\/wp-json\/wp\/v2\/users\/2"}],"replies":[{"embeddable":true,"href":"https:\/\/www.clicdata.com\/fr\/wp-json\/wp\/v2\/comments?post=3101535"}],"version-history":[{"count":2,"href":"https:\/\/www.clicdata.com\/fr\/wp-json\/wp\/v2\/pages\/3101535\/revisions"}],"predecessor-version":[{"id":3101655,"href":"https:\/\/www.clicdata.com\/fr\/wp-json\/wp\/v2\/pages\/3101535\/revisions\/3101655"}],"wp:attachment":[{"href":"https:\/\/www.clicdata.com\/fr\/wp-json\/wp\/v2\/media?parent=3101535"}],"curies":[{"name":"wp","href":"https:\/\/api.w.org\/{rel}","templated":true}]}}