{"id":3090966,"date":"2025-04-11T16:45:14","date_gmt":"2025-04-11T16:45:14","guid":{"rendered":"https:\/\/www.clicdata.com\/politique-dutilisation-acceptable\/"},"modified":"2025-06-18T12:39:56","modified_gmt":"2025-06-18T12:39:56","slug":"politique-dutilisation","status":"publish","type":"page","link":"https:\/\/www.clicdata.com\/fr\/politique-dutilisation\/","title":{"rendered":"Politique d&rsquo;utilisation acceptable"},"content":{"rendered":"\n<p><a href=\"https:\/\/www.clicdata.com\/fr\/politique-de-confidentialite-site-web\/?bricks=run\">Edit with Bricks<\/a><\/p>\n","protected":false},"excerpt":{"rendered":"<p>Edit with Bricks<\/p>\n","protected":false},"author":2,"featured_media":0,"parent":0,"menu_order":0,"comment_status":"closed","ping_status":"closed","template":"","meta":{"_acf_changed":false,"_seopress_robots_primary_cat":"","_seopress_titles_title":"Politique d'utilisation acceptable | ClicData","_seopress_titles_desc":"D\u00e9couvrez la politique d'utilisation acceptable de ClicData - votre guide pour une utilisation s\u00e9curis\u00e9e et conforme de notre plateforme cloud, garantissant la protection des donn\u00e9es et de la vie priv\u00e9e.","_seopress_robots_index":"","footnotes":""},"class_list":["post-3090966","page","type-page","status-publish","hentry"],"acf":[],"_links":{"self":[{"href":"https:\/\/www.clicdata.com\/fr\/wp-json\/wp\/v2\/pages\/3090966","targetHints":{"allow":["GET"]}}],"collection":[{"href":"https:\/\/www.clicdata.com\/fr\/wp-json\/wp\/v2\/pages"}],"about":[{"href":"https:\/\/www.clicdata.com\/fr\/wp-json\/wp\/v2\/types\/page"}],"author":[{"embeddable":true,"href":"https:\/\/www.clicdata.com\/fr\/wp-json\/wp\/v2\/users\/2"}],"replies":[{"embeddable":true,"href":"https:\/\/www.clicdata.com\/fr\/wp-json\/wp\/v2\/comments?post=3090966"}],"version-history":[{"count":5,"href":"https:\/\/www.clicdata.com\/fr\/wp-json\/wp\/v2\/pages\/3090966\/revisions"}],"predecessor-version":[{"id":3096442,"href":"https:\/\/www.clicdata.com\/fr\/wp-json\/wp\/v2\/pages\/3090966\/revisions\/3096442"}],"wp:attachment":[{"href":"https:\/\/www.clicdata.com\/fr\/wp-json\/wp\/v2\/media?parent=3090966"}],"curies":[{"name":"wp","href":"https:\/\/api.w.org\/{rel}","templated":true}]}}