{"id":3090964,"date":"2025-04-11T16:24:21","date_gmt":"2025-04-11T16:24:21","guid":{"rendered":"https:\/\/www.clicdata.com\/politique-de-confidentialite-de-la-plate-forme\/"},"modified":"2025-05-20T07:17:01","modified_gmt":"2025-05-20T07:17:01","slug":"politique-de-confidentialite-plateforme","status":"publish","type":"page","link":"https:\/\/www.clicdata.com\/fr\/politique-de-confidentialite-plateforme\/","title":{"rendered":"Politique de confidentialit\u00e9 de la plateforme"},"content":{"rendered":"\n<p><a href=\"https:\/\/www.clicdata.com\/?page_id=1925&amp;bricks=run\">Modifier avec des briques<\/a><\/p>\n","protected":false},"excerpt":{"rendered":"<p>Modifier avec des briques<\/p>\n","protected":false},"author":2,"featured_media":0,"parent":0,"menu_order":0,"comment_status":"closed","ping_status":"closed","template":"","meta":{"_acf_changed":false,"_seopress_robots_primary_cat":"","_seopress_titles_title":"Politique de confidentialit\u00e9 de la plateforme ClicData","_seopress_titles_desc":"D\u00e9couvrez l'engagement de ClicData en mati\u00e8re de s\u00e9curit\u00e9 et de confidentialit\u00e9 des donn\u00e9es. D\u00e9couvrez comment vos donn\u00e9es sont trait\u00e9es et prot\u00e9g\u00e9es sur notre plateforme d'analyse SaaS.","_seopress_robots_index":"","footnotes":""},"class_list":["post-3090964","page","type-page","status-publish","hentry"],"acf":[],"_links":{"self":[{"href":"https:\/\/www.clicdata.com\/fr\/wp-json\/wp\/v2\/pages\/3090964","targetHints":{"allow":["GET"]}}],"collection":[{"href":"https:\/\/www.clicdata.com\/fr\/wp-json\/wp\/v2\/pages"}],"about":[{"href":"https:\/\/www.clicdata.com\/fr\/wp-json\/wp\/v2\/types\/page"}],"author":[{"embeddable":true,"href":"https:\/\/www.clicdata.com\/fr\/wp-json\/wp\/v2\/users\/2"}],"replies":[{"embeddable":true,"href":"https:\/\/www.clicdata.com\/fr\/wp-json\/wp\/v2\/comments?post=3090964"}],"version-history":[{"count":2,"href":"https:\/\/www.clicdata.com\/fr\/wp-json\/wp\/v2\/pages\/3090964\/revisions"}],"predecessor-version":[{"id":3092158,"href":"https:\/\/www.clicdata.com\/fr\/wp-json\/wp\/v2\/pages\/3090964\/revisions\/3092158"}],"wp:attachment":[{"href":"https:\/\/www.clicdata.com\/fr\/wp-json\/wp\/v2\/media?parent=3090964"}],"curies":[{"name":"wp","href":"https:\/\/api.w.org\/{rel}","templated":true}]}}