{"id":3090962,"date":"2025-04-11T18:22:06","date_gmt":"2025-04-11T18:22:06","guid":{"rendered":"https:\/\/www.clicdata.com\/conditions-dutilisation\/"},"modified":"2025-05-20T07:17:31","modified_gmt":"2025-05-20T07:17:31","slug":"conditions-dutilisation","status":"publish","type":"page","link":"https:\/\/www.clicdata.com\/fr\/conditions-dutilisation\/","title":{"rendered":"Conditions d&rsquo;utilisation"},"content":{"rendered":"\n<p><a href=\"https:\/\/www.clicdata.com\/?page_id=1925&amp;bricks=run\">Modifier avec des briques<\/a><\/p>\n","protected":false},"excerpt":{"rendered":"<p>Modifier avec des briques<\/p>\n","protected":false},"author":2,"featured_media":0,"parent":0,"menu_order":0,"comment_status":"closed","ping_status":"closed","template":"","meta":{"_acf_changed":false,"_seopress_robots_primary_cat":"","_seopress_titles_title":"Conditions g\u00e9n\u00e9rales d'utilisation | ClicData","_seopress_titles_desc":"D\u00e9couvrez les conditions g\u00e9n\u00e9rales d'utilisation de ClicData. Assurez la conformit\u00e9 et comprenez les responsabilit\u00e9s des utilisateurs sur notre plateforme de gestion des donn\u00e9es.","_seopress_robots_index":"","footnotes":""},"class_list":["post-3090962","page","type-page","status-publish","hentry"],"acf":[],"_links":{"self":[{"href":"https:\/\/www.clicdata.com\/fr\/wp-json\/wp\/v2\/pages\/3090962","targetHints":{"allow":["GET"]}}],"collection":[{"href":"https:\/\/www.clicdata.com\/fr\/wp-json\/wp\/v2\/pages"}],"about":[{"href":"https:\/\/www.clicdata.com\/fr\/wp-json\/wp\/v2\/types\/page"}],"author":[{"embeddable":true,"href":"https:\/\/www.clicdata.com\/fr\/wp-json\/wp\/v2\/users\/2"}],"replies":[{"embeddable":true,"href":"https:\/\/www.clicdata.com\/fr\/wp-json\/wp\/v2\/comments?post=3090962"}],"version-history":[{"count":3,"href":"https:\/\/www.clicdata.com\/fr\/wp-json\/wp\/v2\/pages\/3090962\/revisions"}],"predecessor-version":[{"id":3091393,"href":"https:\/\/www.clicdata.com\/fr\/wp-json\/wp\/v2\/pages\/3090962\/revisions\/3091393"}],"wp:attachment":[{"href":"https:\/\/www.clicdata.com\/fr\/wp-json\/wp\/v2\/media?parent=3090962"}],"curies":[{"name":"wp","href":"https:\/\/api.w.org\/{rel}","templated":true}]}}