{"id":3090959,"date":"2024-10-24T10:24:21","date_gmt":"2024-10-24T10:24:21","guid":{"rendered":"https:\/\/www.clicdata.com\/politique-de-confidentialite-du-site-web\/"},"modified":"2025-05-20T07:17:10","modified_gmt":"2025-05-20T07:17:10","slug":"politique-de-confidentialite-site-web","status":"publish","type":"page","link":"https:\/\/www.clicdata.com\/fr\/politique-de-confidentialite-site-web\/","title":{"rendered":"Politique de confidentialit\u00e9 du site web"},"content":{"rendered":"\n<p><a href=\"https:\/\/www.clicdata.com\/?page_id=1925&amp;bricks=run\">Modifier avec des briques<\/a><\/p>\n","protected":false},"excerpt":{"rendered":"<p>Modifier avec des briques<\/p>\n","protected":false},"author":1,"featured_media":0,"parent":0,"menu_order":0,"comment_status":"closed","ping_status":"closed","template":"","meta":{"_acf_changed":false,"_seopress_robots_primary_cat":"","_seopress_titles_title":"Politique de confidentialit\u00e9 et d'utilisation des cookies - ClicData","_seopress_titles_desc":"ClicData prot\u00e8ge votre droit \u00e0 la vie priv\u00e9e sur son site web. D\u00e9couvrez comment nous collectons, utilisons et prot\u00e9geons vos informations dans notre Politique de confidentialit\u00e9 et de cookies.","_seopress_robots_index":"","footnotes":""},"class_list":["post-3090959","page","type-page","status-publish","hentry"],"acf":[],"_links":{"self":[{"href":"https:\/\/www.clicdata.com\/fr\/wp-json\/wp\/v2\/pages\/3090959","targetHints":{"allow":["GET"]}}],"collection":[{"href":"https:\/\/www.clicdata.com\/fr\/wp-json\/wp\/v2\/pages"}],"about":[{"href":"https:\/\/www.clicdata.com\/fr\/wp-json\/wp\/v2\/types\/page"}],"author":[{"embeddable":true,"href":"https:\/\/www.clicdata.com\/fr\/wp-json\/wp\/v2\/users\/1"}],"replies":[{"embeddable":true,"href":"https:\/\/www.clicdata.com\/fr\/wp-json\/wp\/v2\/comments?post=3090959"}],"version-history":[{"count":1,"href":"https:\/\/www.clicdata.com\/fr\/wp-json\/wp\/v2\/pages\/3090959\/revisions"}],"predecessor-version":[{"id":3090960,"href":"https:\/\/www.clicdata.com\/fr\/wp-json\/wp\/v2\/pages\/3090959\/revisions\/3090960"}],"wp:attachment":[{"href":"https:\/\/www.clicdata.com\/fr\/wp-json\/wp\/v2\/media?parent=3090959"}],"curies":[{"name":"wp","href":"https:\/\/api.w.org\/{rel}","templated":true}]}}