{"id":3085905,"date":"2025-02-13T12:37:46","date_gmt":"2025-02-13T12:37:46","guid":{"rendered":"https:\/\/clicdata.com\/roles\/"},"modified":"2025-11-07T08:07:18","modified_gmt":"2025-11-07T08:07:18","slug":"roles","status":"publish","type":"page","link":"https:\/\/www.clicdata.com\/fr\/roles\/","title":{"rendered":"R\u00f4les"},"content":{"rendered":"","protected":false},"excerpt":{"rendered":"","protected":false},"author":2,"featured_media":0,"parent":0,"menu_order":0,"comment_status":"closed","ping_status":"closed","template":"","meta":{"_acf_changed":false,"_seopress_robots_primary_cat":"","_seopress_titles_title":"ClicData permet \u00e0 chaque \u00e9quipe de s'appuyer davantage sur les donn\u00e9es","_seopress_titles_desc":"ClicData est con\u00e7u pour les sp\u00e9cialistes des donn\u00e9es, les op\u00e9rations, les responsables informatiques, la direction, les ventes, le marketing et la comptabilit\u00e9. D\u00e9couvrez comment nous aidons 1 000 \u00e9quipes dans le monde. ","_seopress_robots_index":"","footnotes":""},"class_list":["post-3085905","page","type-page","status-publish","hentry"],"acf":[],"_links":{"self":[{"href":"https:\/\/www.clicdata.com\/fr\/wp-json\/wp\/v2\/pages\/3085905","targetHints":{"allow":["GET"]}}],"collection":[{"href":"https:\/\/www.clicdata.com\/fr\/wp-json\/wp\/v2\/pages"}],"about":[{"href":"https:\/\/www.clicdata.com\/fr\/wp-json\/wp\/v2\/types\/page"}],"author":[{"embeddable":true,"href":"https:\/\/www.clicdata.com\/fr\/wp-json\/wp\/v2\/users\/2"}],"replies":[{"embeddable":true,"href":"https:\/\/www.clicdata.com\/fr\/wp-json\/wp\/v2\/comments?post=3085905"}],"version-history":[{"count":1,"href":"https:\/\/www.clicdata.com\/fr\/wp-json\/wp\/v2\/pages\/3085905\/revisions"}],"predecessor-version":[{"id":3099830,"href":"https:\/\/www.clicdata.com\/fr\/wp-json\/wp\/v2\/pages\/3085905\/revisions\/3099830"}],"wp:attachment":[{"href":"https:\/\/www.clicdata.com\/fr\/wp-json\/wp\/v2\/media?parent=3085905"}],"curies":[{"name":"wp","href":"https:\/\/api.w.org\/{rel}","templated":true}]}}