{"id":3085903,"date":"2024-10-19T09:22:35","date_gmt":"2024-10-19T09:22:35","guid":{"rendered":"https:\/\/clicdata.com\/entreprise\/rencontrez-notre-equipe\/"},"modified":"2025-07-04T09:04:21","modified_gmt":"2025-07-04T09:04:21","slug":"rencontrez-notre-equipe","status":"publish","type":"page","link":"https:\/\/www.clicdata.com\/fr\/societe\/rencontrez-notre-equipe\/","title":{"rendered":"Rencontrez notre \u00e9quipe"},"content":{"rendered":"","protected":false},"excerpt":{"rendered":"","protected":false},"author":1,"featured_media":0,"parent":3085896,"menu_order":0,"comment_status":"closed","ping_status":"closed","template":"","meta":{"_acf_changed":false,"_seopress_robots_primary_cat":"","_seopress_titles_title":"Rencontrez notre \u00e9quipe : Des esprits passionn\u00e9s \u00e0 l'origine de donn\u00e9es intelligentes","_seopress_titles_desc":"Nous sommes des ing\u00e9nieurs passionn\u00e9s, des analystes de donn\u00e9es, des sp\u00e9cialistes du marketing et des ventes qui pensent que ClicData peut permettre \u00e0 votre \u00e9quipe d'en faire plus avec les donn\u00e9es, plus efficacement.","_seopress_robots_index":"","footnotes":""},"class_list":["post-3085903","page","type-page","status-publish","hentry"],"acf":[],"_links":{"self":[{"href":"https:\/\/www.clicdata.com\/fr\/wp-json\/wp\/v2\/pages\/3085903","targetHints":{"allow":["GET"]}}],"collection":[{"href":"https:\/\/www.clicdata.com\/fr\/wp-json\/wp\/v2\/pages"}],"about":[{"href":"https:\/\/www.clicdata.com\/fr\/wp-json\/wp\/v2\/types\/page"}],"author":[{"embeddable":true,"href":"https:\/\/www.clicdata.com\/fr\/wp-json\/wp\/v2\/users\/1"}],"replies":[{"embeddable":true,"href":"https:\/\/www.clicdata.com\/fr\/wp-json\/wp\/v2\/comments?post=3085903"}],"version-history":[{"count":1,"href":"https:\/\/www.clicdata.com\/fr\/wp-json\/wp\/v2\/pages\/3085903\/revisions"}],"predecessor-version":[{"id":3090640,"href":"https:\/\/www.clicdata.com\/fr\/wp-json\/wp\/v2\/pages\/3085903\/revisions\/3090640"}],"up":[{"embeddable":true,"href":"https:\/\/www.clicdata.com\/fr\/wp-json\/wp\/v2\/pages\/3085896"}],"wp:attachment":[{"href":"https:\/\/www.clicdata.com\/fr\/wp-json\/wp\/v2\/media?parent=3085903"}],"curies":[{"name":"wp","href":"https:\/\/api.w.org\/{rel}","templated":true}]}}