{"id":3085902,"date":"2024-11-23T12:28:29","date_gmt":"2024-11-23T12:28:29","guid":{"rendered":"https:\/\/clicdata.com\/demonstration-de-livres\/"},"modified":"2026-03-17T14:41:46","modified_gmt":"2026-03-17T14:41:46","slug":"demo","status":"publish","type":"page","link":"https:\/\/www.clicdata.com\/fr\/demo\/","title":{"rendered":"D\u00e9mo personnalis\u00e9e"},"content":{"rendered":"","protected":false},"excerpt":{"rendered":"","protected":false},"author":2,"featured_media":0,"parent":0,"menu_order":0,"comment_status":"closed","ping_status":"closed","template":"","meta":{"_acf_changed":false,"_seopress_robots_primary_cat":"","_seopress_titles_title":"Programmez Votre Session Personnalis\u00e9e | ClicData","_seopress_titles_desc":"Echangez sur vos projets et besoins d'int\u00e9gration, gestion et traitement de donn\u00e9es avec nos experts et d\u00e9couvrez comment ClicData peut aider.","_seopress_robots_index":"","footnotes":""},"class_list":["post-3085902","page","type-page","status-publish","hentry"],"acf":[],"_links":{"self":[{"href":"https:\/\/www.clicdata.com\/fr\/wp-json\/wp\/v2\/pages\/3085902","targetHints":{"allow":["GET"]}}],"collection":[{"href":"https:\/\/www.clicdata.com\/fr\/wp-json\/wp\/v2\/pages"}],"about":[{"href":"https:\/\/www.clicdata.com\/fr\/wp-json\/wp\/v2\/types\/page"}],"author":[{"embeddable":true,"href":"https:\/\/www.clicdata.com\/fr\/wp-json\/wp\/v2\/users\/2"}],"replies":[{"embeddable":true,"href":"https:\/\/www.clicdata.com\/fr\/wp-json\/wp\/v2\/comments?post=3085902"}],"version-history":[{"count":4,"href":"https:\/\/www.clicdata.com\/fr\/wp-json\/wp\/v2\/pages\/3085902\/revisions"}],"predecessor-version":[{"id":3092529,"href":"https:\/\/www.clicdata.com\/fr\/wp-json\/wp\/v2\/pages\/3085902\/revisions\/3092529"}],"wp:attachment":[{"href":"https:\/\/www.clicdata.com\/fr\/wp-json\/wp\/v2\/media?parent=3085902"}],"curies":[{"name":"wp","href":"https:\/\/api.w.org\/{rel}","templated":true}]}}