{"id":3085897,"date":"2024-11-03T19:11:57","date_gmt":"2024-11-03T19:11:57","guid":{"rendered":"https:\/\/clicdata.com\/plans\/comparaison-des-prix\/"},"modified":"2026-04-14T09:49:40","modified_gmt":"2026-04-14T09:49:40","slug":"comparaison","status":"publish","type":"page","link":"https:\/\/www.clicdata.com\/fr\/plans\/comparaison\/","title":{"rendered":"Comparaison des plans"},"content":{"rendered":"","protected":false},"excerpt":{"rendered":"","protected":false},"author":2,"featured_media":0,"parent":3085894,"menu_order":0,"comment_status":"closed","ping_status":"closed","template":"","meta":{"_acf_changed":false,"_seopress_robots_primary_cat":"","_seopress_titles_title":"ClicData : Comparaison des prix et des plans","_seopress_titles_desc":"ClicData s'adapte \u00e0 toutes les exigences et \u00e0 tous les budgets. Comparez les caract\u00e9ristiques et les limites de chaque plan pour trouver celui qui convient le mieux \u00e0 votre \u00e9quipe. ","_seopress_robots_index":"","footnotes":""},"class_list":["post-3085897","page","type-page","status-publish","hentry"],"acf":[],"_links":{"self":[{"href":"https:\/\/www.clicdata.com\/fr\/wp-json\/wp\/v2\/pages\/3085897","targetHints":{"allow":["GET"]}}],"collection":[{"href":"https:\/\/www.clicdata.com\/fr\/wp-json\/wp\/v2\/pages"}],"about":[{"href":"https:\/\/www.clicdata.com\/fr\/wp-json\/wp\/v2\/types\/page"}],"author":[{"embeddable":true,"href":"https:\/\/www.clicdata.com\/fr\/wp-json\/wp\/v2\/users\/2"}],"replies":[{"embeddable":true,"href":"https:\/\/www.clicdata.com\/fr\/wp-json\/wp\/v2\/comments?post=3085897"}],"version-history":[{"count":4,"href":"https:\/\/www.clicdata.com\/fr\/wp-json\/wp\/v2\/pages\/3085897\/revisions"}],"predecessor-version":[{"id":3096745,"href":"https:\/\/www.clicdata.com\/fr\/wp-json\/wp\/v2\/pages\/3085897\/revisions\/3096745"}],"up":[{"embeddable":true,"href":"https:\/\/www.clicdata.com\/fr\/wp-json\/wp\/v2\/pages\/3085894"}],"wp:attachment":[{"href":"https:\/\/www.clicdata.com\/fr\/wp-json\/wp\/v2\/media?parent=3085897"}],"curies":[{"name":"wp","href":"https:\/\/api.w.org\/{rel}","templated":true}]}}