{"id":3085896,"date":"2024-10-25T20:08:43","date_gmt":"2024-10-25T20:08:43","guid":{"rendered":"https:\/\/clicdata.com\/entreprise\/"},"modified":"2025-06-12T07:05:24","modified_gmt":"2025-06-12T07:05:24","slug":"societe","status":"publish","type":"page","link":"https:\/\/www.clicdata.com\/fr\/societe\/","title":{"rendered":"Soci\u00e9t\u00e9"},"content":{"rendered":"","protected":false},"excerpt":{"rendered":"","protected":false},"author":1,"featured_media":0,"parent":0,"menu_order":0,"comment_status":"closed","ping_status":"closed","template":"","meta":{"_acf_changed":false,"_seopress_robots_primary_cat":"","_seopress_titles_title":"Nous sommes ClicData : Pour une prise de d\u00e9cision plus intelligente","_seopress_titles_desc":"Chez ClicData, nous construisons une plateforme puissante, facile et intelligente pour vous aider \u00e0 transformer des donn\u00e9es complexes en informations claires. Rencontrez l'entreprise qui se cache derri\u00e8re des analyses plus intelligentes. ","_seopress_robots_index":"","footnotes":""},"class_list":["post-3085896","page","type-page","status-publish","hentry"],"acf":[],"_links":{"self":[{"href":"https:\/\/www.clicdata.com\/fr\/wp-json\/wp\/v2\/pages\/3085896","targetHints":{"allow":["GET"]}}],"collection":[{"href":"https:\/\/www.clicdata.com\/fr\/wp-json\/wp\/v2\/pages"}],"about":[{"href":"https:\/\/www.clicdata.com\/fr\/wp-json\/wp\/v2\/types\/page"}],"author":[{"embeddable":true,"href":"https:\/\/www.clicdata.com\/fr\/wp-json\/wp\/v2\/users\/1"}],"replies":[{"embeddable":true,"href":"https:\/\/www.clicdata.com\/fr\/wp-json\/wp\/v2\/comments?post=3085896"}],"version-history":[{"count":7,"href":"https:\/\/www.clicdata.com\/fr\/wp-json\/wp\/v2\/pages\/3085896\/revisions"}],"predecessor-version":[{"id":3096104,"href":"https:\/\/www.clicdata.com\/fr\/wp-json\/wp\/v2\/pages\/3085896\/revisions\/3096104"}],"wp:attachment":[{"href":"https:\/\/www.clicdata.com\/fr\/wp-json\/wp\/v2\/media?parent=3085896"}],"curies":[{"name":"wp","href":"https:\/\/api.w.org\/{rel}","templated":true}]}}