{"id":3085892,"date":"2024-11-03T13:42:13","date_gmt":"2024-11-03T13:42:13","guid":{"rendered":"https:\/\/clicdata.com\/services\/analyse-statistique-ml\/"},"modified":"2025-06-05T13:20:59","modified_gmt":"2025-06-05T13:20:59","slug":"services-ml","status":"publish","type":"page","link":"https:\/\/www.clicdata.com\/fr\/services\/services-ml\/","title":{"rendered":"Analyse Statistique &amp; ML"},"content":{"rendered":"","protected":false},"excerpt":{"rendered":"","protected":false},"author":2,"featured_media":0,"parent":3085890,"menu_order":0,"comment_status":"closed","ping_status":"closed","template":"","meta":{"_acf_changed":false,"_seopress_robots_primary_cat":"","_seopress_titles_title":"Travaillez avec nos Data Scientists : ML, Statistiques avanc\u00e9es | ClicData","_seopress_titles_desc":"Acc\u00e9l\u00e9rez vos projets avec les Data Scientists de ClicData. Am\u00e9liorez les pr\u00e9visions de ventes, les pr\u00e9visions de d\u00e9sabonnement et bien plus encore gr\u00e2ce \u00e0 une analyse compl\u00e8te des donn\u00e9es. ","_seopress_robots_index":"","footnotes":""},"class_list":["post-3085892","page","type-page","status-publish","hentry"],"acf":[],"_links":{"self":[{"href":"https:\/\/www.clicdata.com\/fr\/wp-json\/wp\/v2\/pages\/3085892","targetHints":{"allow":["GET"]}}],"collection":[{"href":"https:\/\/www.clicdata.com\/fr\/wp-json\/wp\/v2\/pages"}],"about":[{"href":"https:\/\/www.clicdata.com\/fr\/wp-json\/wp\/v2\/types\/page"}],"author":[{"embeddable":true,"href":"https:\/\/www.clicdata.com\/fr\/wp-json\/wp\/v2\/users\/2"}],"replies":[{"embeddable":true,"href":"https:\/\/www.clicdata.com\/fr\/wp-json\/wp\/v2\/comments?post=3085892"}],"version-history":[{"count":1,"href":"https:\/\/www.clicdata.com\/fr\/wp-json\/wp\/v2\/pages\/3085892\/revisions"}],"predecessor-version":[{"id":3090638,"href":"https:\/\/www.clicdata.com\/fr\/wp-json\/wp\/v2\/pages\/3085892\/revisions\/3090638"}],"up":[{"embeddable":true,"href":"https:\/\/www.clicdata.com\/fr\/wp-json\/wp\/v2\/pages\/3085890"}],"wp:attachment":[{"href":"https:\/\/www.clicdata.com\/fr\/wp-json\/wp\/v2\/media?parent=3085892"}],"curies":[{"name":"wp","href":"https:\/\/api.w.org\/{rel}","templated":true}]}}