{"id":3085890,"date":"2024-11-03T09:41:24","date_gmt":"2024-11-03T09:41:24","guid":{"rendered":"https:\/\/clicdata.com\/services\/"},"modified":"2025-06-05T11:58:39","modified_gmt":"2025-06-05T11:58:39","slug":"services","status":"publish","type":"page","link":"https:\/\/www.clicdata.com\/fr\/services\/","title":{"rendered":"Services"},"content":{"rendered":"","protected":false},"excerpt":{"rendered":"","protected":false},"author":2,"featured_media":0,"parent":0,"menu_order":0,"comment_status":"closed","ping_status":"closed","template":"","meta":{"_acf_changed":false,"_seopress_robots_primary_cat":"","_seopress_titles_title":"Travaillez avec nos ing\u00e9nieurs et analystes de donn\u00e9es | ClicData","_seopress_titles_desc":"Faites appel \u00e0 nos experts en donn\u00e9es pour d\u00e9velopper des tableaux de bord, des automatismes et des rapports personnalis\u00e9s avec ClicData. R\u00e9ussissez vos projets en temps voulu et en respectant votre budget ! ","_seopress_robots_index":"","footnotes":""},"class_list":["post-3085890","page","type-page","status-publish","hentry"],"acf":[],"_links":{"self":[{"href":"https:\/\/www.clicdata.com\/fr\/wp-json\/wp\/v2\/pages\/3085890","targetHints":{"allow":["GET"]}}],"collection":[{"href":"https:\/\/www.clicdata.com\/fr\/wp-json\/wp\/v2\/pages"}],"about":[{"href":"https:\/\/www.clicdata.com\/fr\/wp-json\/wp\/v2\/types\/page"}],"author":[{"embeddable":true,"href":"https:\/\/www.clicdata.com\/fr\/wp-json\/wp\/v2\/users\/2"}],"replies":[{"embeddable":true,"href":"https:\/\/www.clicdata.com\/fr\/wp-json\/wp\/v2\/comments?post=3085890"}],"version-history":[{"count":1,"href":"https:\/\/www.clicdata.com\/fr\/wp-json\/wp\/v2\/pages\/3085890\/revisions"}],"predecessor-version":[{"id":3090897,"href":"https:\/\/www.clicdata.com\/fr\/wp-json\/wp\/v2\/pages\/3085890\/revisions\/3090897"}],"wp:attachment":[{"href":"https:\/\/www.clicdata.com\/fr\/wp-json\/wp\/v2\/media?parent=3085890"}],"curies":[{"name":"wp","href":"https:\/\/api.w.org\/{rel}","templated":true}]}}