{"id":3085888,"date":"2024-11-09T19:47:46","date_gmt":"2024-11-09T19:47:46","guid":{"rendered":"https:\/\/clicdata.com\/plateforme\/feuille-de-route\/"},"modified":"2026-03-17T09:44:35","modified_gmt":"2026-03-17T09:44:35","slug":"roadmap","status":"publish","type":"page","link":"https:\/\/www.clicdata.com\/fr\/plateforme\/roadmap\/","title":{"rendered":"Feuille de route"},"content":{"rendered":"","protected":false},"excerpt":{"rendered":"","protected":false},"author":2,"featured_media":0,"parent":3085873,"menu_order":0,"comment_status":"closed","ping_status":"closed","template":"","meta":{"_acf_changed":false,"_seopress_robots_primary_cat":"","_seopress_titles_title":"D\u00e9couvrez notre vision et notre feuille de route | ClicData","_seopress_titles_desc":"D\u00e9couvrez notre feuille de route sur deux ans : nouvelles fonctionnalit\u00e9s, int\u00e9gration avanc\u00e9e des donn\u00e9es, innovations aliment\u00e9es par l'IA, et plus encore.","_seopress_robots_index":"","footnotes":""},"class_list":["post-3085888","page","type-page","status-publish","hentry"],"acf":[],"_links":{"self":[{"href":"https:\/\/www.clicdata.com\/fr\/wp-json\/wp\/v2\/pages\/3085888","targetHints":{"allow":["GET"]}}],"collection":[{"href":"https:\/\/www.clicdata.com\/fr\/wp-json\/wp\/v2\/pages"}],"about":[{"href":"https:\/\/www.clicdata.com\/fr\/wp-json\/wp\/v2\/types\/page"}],"author":[{"embeddable":true,"href":"https:\/\/www.clicdata.com\/fr\/wp-json\/wp\/v2\/users\/2"}],"replies":[{"embeddable":true,"href":"https:\/\/www.clicdata.com\/fr\/wp-json\/wp\/v2\/comments?post=3085888"}],"version-history":[{"count":3,"href":"https:\/\/www.clicdata.com\/fr\/wp-json\/wp\/v2\/pages\/3085888\/revisions"}],"predecessor-version":[{"id":3103661,"href":"https:\/\/www.clicdata.com\/fr\/wp-json\/wp\/v2\/pages\/3085888\/revisions\/3103661"}],"up":[{"embeddable":true,"href":"https:\/\/www.clicdata.com\/fr\/wp-json\/wp\/v2\/pages\/3085873"}],"wp:attachment":[{"href":"https:\/\/www.clicdata.com\/fr\/wp-json\/wp\/v2\/media?parent=3085888"}],"curies":[{"name":"wp","href":"https:\/\/api.w.org\/{rel}","templated":true}]}}