{"id":3085884,"date":"2025-03-27T20:43:00","date_gmt":"2025-03-27T20:43:00","guid":{"rendered":"https:\/\/clicdata.com\/plateforme\/performance-scalabilite\/"},"modified":"2025-12-08T12:58:01","modified_gmt":"2025-12-08T12:58:01","slug":"performance-scalabilite","status":"publish","type":"page","link":"https:\/\/www.clicdata.com\/fr\/plateforme\/performance-scalabilite\/","title":{"rendered":"Performance &amp; Scalabilit\u00e9"},"content":{"rendered":"","protected":false},"excerpt":{"rendered":"","protected":false},"author":2,"featured_media":0,"parent":3085873,"menu_order":0,"comment_status":"closed","ping_status":"closed","template":"","meta":{"_acf_changed":false,"_seopress_robots_primary_cat":"","_seopress_titles_title":"Plateforme big data \u00e9volutive et s\u00e9curis\u00e9e | ClicData","_seopress_titles_desc":"G\u00e9rez et analysez vos volumes de donn\u00e9es avec la plateforme big data ClicData, rapide et flexible. ","_seopress_robots_index":"","footnotes":""},"class_list":["post-3085884","page","type-page","status-publish","hentry"],"acf":[],"_links":{"self":[{"href":"https:\/\/www.clicdata.com\/fr\/wp-json\/wp\/v2\/pages\/3085884","targetHints":{"allow":["GET"]}}],"collection":[{"href":"https:\/\/www.clicdata.com\/fr\/wp-json\/wp\/v2\/pages"}],"about":[{"href":"https:\/\/www.clicdata.com\/fr\/wp-json\/wp\/v2\/types\/page"}],"author":[{"embeddable":true,"href":"https:\/\/www.clicdata.com\/fr\/wp-json\/wp\/v2\/users\/2"}],"replies":[{"embeddable":true,"href":"https:\/\/www.clicdata.com\/fr\/wp-json\/wp\/v2\/comments?post=3085884"}],"version-history":[{"count":1,"href":"https:\/\/www.clicdata.com\/fr\/wp-json\/wp\/v2\/pages\/3085884\/revisions"}],"predecessor-version":[{"id":3090633,"href":"https:\/\/www.clicdata.com\/fr\/wp-json\/wp\/v2\/pages\/3085884\/revisions\/3090633"}],"up":[{"embeddable":true,"href":"https:\/\/www.clicdata.com\/fr\/wp-json\/wp\/v2\/pages\/3085873"}],"wp:attachment":[{"href":"https:\/\/www.clicdata.com\/fr\/wp-json\/wp\/v2\/media?parent=3085884"}],"curies":[{"name":"wp","href":"https:\/\/api.w.org\/{rel}","templated":true}]}}