{"id":3085882,"date":"2025-04-01T10:57:52","date_gmt":"2025-04-01T10:57:52","guid":{"rendered":"https:\/\/clicdata.com\/plateforme\/developpeurs\/"},"modified":"2025-12-08T13:04:28","modified_gmt":"2025-12-08T13:04:28","slug":"developpeurs","status":"publish","type":"page","link":"https:\/\/www.clicdata.com\/fr\/plateforme\/developpeurs\/","title":{"rendered":"D\u00e9veloppeurs"},"content":{"rendered":"","protected":false},"excerpt":{"rendered":"","protected":false},"author":2,"featured_media":0,"parent":3085873,"menu_order":0,"comment_status":"closed","ping_status":"closed","template":"","meta":{"_acf_changed":false,"_seopress_robots_primary_cat":"","_seopress_titles_title":"Plateforme data pour d\u00e9veloppeurs | ClicData","_seopress_titles_desc":"Acc\u00e9l\u00e9rez vos projets data avec la plateforme ClicData : API, int\u00e9gration et personnalisation d\u00e9di\u00e9es aux d\u00e9veloppeurs. ","_seopress_robots_index":"","footnotes":""},"class_list":["post-3085882","page","type-page","status-publish","hentry"],"acf":[],"_links":{"self":[{"href":"https:\/\/www.clicdata.com\/fr\/wp-json\/wp\/v2\/pages\/3085882","targetHints":{"allow":["GET"]}}],"collection":[{"href":"https:\/\/www.clicdata.com\/fr\/wp-json\/wp\/v2\/pages"}],"about":[{"href":"https:\/\/www.clicdata.com\/fr\/wp-json\/wp\/v2\/types\/page"}],"author":[{"embeddable":true,"href":"https:\/\/www.clicdata.com\/fr\/wp-json\/wp\/v2\/users\/2"}],"replies":[{"embeddable":true,"href":"https:\/\/www.clicdata.com\/fr\/wp-json\/wp\/v2\/comments?post=3085882"}],"version-history":[{"count":1,"href":"https:\/\/www.clicdata.com\/fr\/wp-json\/wp\/v2\/pages\/3085882\/revisions"}],"predecessor-version":[{"id":3090634,"href":"https:\/\/www.clicdata.com\/fr\/wp-json\/wp\/v2\/pages\/3085882\/revisions\/3090634"}],"up":[{"embeddable":true,"href":"https:\/\/www.clicdata.com\/fr\/wp-json\/wp\/v2\/pages\/3085873"}],"wp:attachment":[{"href":"https:\/\/www.clicdata.com\/fr\/wp-json\/wp\/v2\/media?parent=3085882"}],"curies":[{"name":"wp","href":"https:\/\/api.w.org\/{rel}","templated":true}]}}