{"id":3085881,"date":"2025-04-20T15:24:33","date_gmt":"2025-04-20T15:24:33","guid":{"rendered":"https:\/\/clicdata.com\/plateforme\/hebergement-de-donnees-dedie\/"},"modified":"2025-10-30T23:15:36","modified_gmt":"2025-10-30T23:15:36","slug":"hebergement-dedie","status":"publish","type":"page","link":"https:\/\/www.clicdata.com\/fr\/plateforme\/hebergement-dedie\/","title":{"rendered":"H\u00e9bergement de donn\u00e9es d\u00e9di\u00e9"},"content":{"rendered":"","protected":false},"excerpt":{"rendered":"","protected":false},"author":2,"featured_media":0,"parent":3085873,"menu_order":0,"comment_status":"closed","ping_status":"closed","template":"","meta":{"_acf_changed":false,"_seopress_robots_primary_cat":"","_seopress_titles_title":"Accro\u00eetre la performance des donn\u00e9es avec des plans d'h\u00e9bergement d\u00e9di\u00e9s | ClicData","_seopress_titles_desc":"D\u00e9couvrez le puissant h\u00e9bergement de donn\u00e9es d\u00e9di\u00e9 avec Azure SQL DB, offrant \u00e9volutivit\u00e9, performance et s\u00e9curit\u00e9 pour les entrep\u00f4ts de donn\u00e9es \u00e0 grande \u00e9chelle.","_seopress_robots_index":"","footnotes":""},"class_list":["post-3085881","page","type-page","status-publish","hentry"],"acf":[],"_links":{"self":[{"href":"https:\/\/www.clicdata.com\/fr\/wp-json\/wp\/v2\/pages\/3085881","targetHints":{"allow":["GET"]}}],"collection":[{"href":"https:\/\/www.clicdata.com\/fr\/wp-json\/wp\/v2\/pages"}],"about":[{"href":"https:\/\/www.clicdata.com\/fr\/wp-json\/wp\/v2\/types\/page"}],"author":[{"embeddable":true,"href":"https:\/\/www.clicdata.com\/fr\/wp-json\/wp\/v2\/users\/2"}],"replies":[{"embeddable":true,"href":"https:\/\/www.clicdata.com\/fr\/wp-json\/wp\/v2\/comments?post=3085881"}],"version-history":[{"count":1,"href":"https:\/\/www.clicdata.com\/fr\/wp-json\/wp\/v2\/pages\/3085881\/revisions"}],"predecessor-version":[{"id":3090632,"href":"https:\/\/www.clicdata.com\/fr\/wp-json\/wp\/v2\/pages\/3085881\/revisions\/3090632"}],"up":[{"embeddable":true,"href":"https:\/\/www.clicdata.com\/fr\/wp-json\/wp\/v2\/pages\/3085873"}],"wp:attachment":[{"href":"https:\/\/www.clicdata.com\/fr\/wp-json\/wp\/v2\/media?parent=3085881"}],"curies":[{"name":"wp","href":"https:\/\/api.w.org\/{rel}","templated":true}]}}