{"id":3085871,"date":"2025-02-10T12:21:24","date_gmt":"2025-02-10T12:21:24","guid":{"rendered":"https:\/\/clicdata.com\/streamer-exporter-et-publier\/"},"modified":"2025-12-08T10:51:53","modified_gmt":"2025-12-08T10:51:53","slug":"data-sharing","status":"publish","type":"page","link":"https:\/\/www.clicdata.com\/fr\/plateforme\/data-sharing\/","title":{"rendered":"Streamez, Exportez &amp; Diffusez"},"content":{"rendered":"","protected":false},"excerpt":{"rendered":"","protected":false},"author":2,"featured_media":0,"parent":3085873,"menu_order":0,"comment_status":"closed","ping_status":"closed","template":"","meta":{"_acf_changed":false,"_seopress_robots_primary_cat":"","_seopress_titles_title":"Logiciel interop\u00e9rabilit\u00e9 des syst\u00e8mes | ClicData","_seopress_titles_desc":"Le logiciel interop\u00e9rabilit\u00e9 ClicData connecte facilement vos applications et services pour un partage optimal. ","_seopress_robots_index":"","footnotes":""},"class_list":["post-3085871","page","type-page","status-publish","hentry"],"acf":[],"_links":{"self":[{"href":"https:\/\/www.clicdata.com\/fr\/wp-json\/wp\/v2\/pages\/3085871","targetHints":{"allow":["GET"]}}],"collection":[{"href":"https:\/\/www.clicdata.com\/fr\/wp-json\/wp\/v2\/pages"}],"about":[{"href":"https:\/\/www.clicdata.com\/fr\/wp-json\/wp\/v2\/types\/page"}],"author":[{"embeddable":true,"href":"https:\/\/www.clicdata.com\/fr\/wp-json\/wp\/v2\/users\/2"}],"replies":[{"embeddable":true,"href":"https:\/\/www.clicdata.com\/fr\/wp-json\/wp\/v2\/comments?post=3085871"}],"version-history":[{"count":3,"href":"https:\/\/www.clicdata.com\/fr\/wp-json\/wp\/v2\/pages\/3085871\/revisions"}],"predecessor-version":[{"id":3095789,"href":"https:\/\/www.clicdata.com\/fr\/wp-json\/wp\/v2\/pages\/3085871\/revisions\/3095789"}],"up":[{"embeddable":true,"href":"https:\/\/www.clicdata.com\/fr\/wp-json\/wp\/v2\/pages\/3085873"}],"wp:attachment":[{"href":"https:\/\/www.clicdata.com\/fr\/wp-json\/wp\/v2\/media?parent=3085871"}],"curies":[{"name":"wp","href":"https:\/\/api.w.org\/{rel}","templated":true}]}}