{"id":3085870,"date":"2025-02-10T12:18:08","date_gmt":"2025-02-10T12:18:08","guid":{"rendered":"https:\/\/clicdata.com\/data-warehouse-data-lake\/"},"modified":"2025-12-08T10:20:14","modified_gmt":"2025-12-08T10:20:14","slug":"data-warehouse-lake","status":"publish","type":"page","link":"https:\/\/www.clicdata.com\/fr\/plateforme\/data-warehouse-lake\/","title":{"rendered":"Data Warehouse &amp; Data Lake"},"content":{"rendered":"","protected":false},"excerpt":{"rendered":"","protected":false},"author":2,"featured_media":0,"parent":3085873,"menu_order":0,"comment_status":"closed","ping_status":"closed","template":"","meta":{"_acf_changed":false,"_seopress_robots_primary_cat":"","_seopress_titles_title":"Data warehouse cloud s\u00e9curis\u00e9 et flexible | ClicData","_seopress_titles_desc":"Choisissez le data warehouse cloud ClicData pour stocker, g\u00e9rer et analyser vos donn\u00e9es en toute s\u00e9curit\u00e9.","_seopress_robots_index":"","footnotes":""},"class_list":["post-3085870","page","type-page","status-publish","hentry"],"acf":[],"_links":{"self":[{"href":"https:\/\/www.clicdata.com\/fr\/wp-json\/wp\/v2\/pages\/3085870","targetHints":{"allow":["GET"]}}],"collection":[{"href":"https:\/\/www.clicdata.com\/fr\/wp-json\/wp\/v2\/pages"}],"about":[{"href":"https:\/\/www.clicdata.com\/fr\/wp-json\/wp\/v2\/types\/page"}],"author":[{"embeddable":true,"href":"https:\/\/www.clicdata.com\/fr\/wp-json\/wp\/v2\/users\/2"}],"replies":[{"embeddable":true,"href":"https:\/\/www.clicdata.com\/fr\/wp-json\/wp\/v2\/comments?post=3085870"}],"version-history":[{"count":1,"href":"https:\/\/www.clicdata.com\/fr\/wp-json\/wp\/v2\/pages\/3085870\/revisions"}],"predecessor-version":[{"id":3085876,"href":"https:\/\/www.clicdata.com\/fr\/wp-json\/wp\/v2\/pages\/3085870\/revisions\/3085876"}],"up":[{"embeddable":true,"href":"https:\/\/www.clicdata.com\/fr\/wp-json\/wp\/v2\/pages\/3085873"}],"wp:attachment":[{"href":"https:\/\/www.clicdata.com\/fr\/wp-json\/wp\/v2\/media?parent=3085870"}],"curies":[{"name":"wp","href":"https:\/\/api.w.org\/{rel}","templated":true}]}}