{"id":3085767,"date":"2025-02-07T18:58:41","date_gmt":"2025-02-07T18:58:41","guid":{"rendered":"https:\/\/clicdata.com\/secteur\/"},"modified":"2026-01-09T18:34:24","modified_gmt":"2026-01-09T18:34:24","slug":"secteur","status":"publish","type":"page","link":"https:\/\/www.clicdata.com\/fr\/secteur\/","title":{"rendered":"Secteur"},"content":{"rendered":"","protected":false},"excerpt":{"rendered":"","protected":false},"author":2,"featured_media":0,"parent":0,"menu_order":0,"comment_status":"closed","ping_status":"closed","template":"","meta":{"_acf_changed":false,"_seopress_robots_primary_cat":"","_seopress_titles_title":"Logiciel Business Intelligence Pour PME | ClicData","_seopress_titles_desc":"D\u00e9couvrez le meilleur outil d'analyse de donn\u00e9es pour les \u00e9quipes des petites entreprises. Visualisez, automatisez et partagez des informations pour prendre facilement des d\u00e9cisions bas\u00e9es sur les donn\u00e9es. ","_seopress_robots_index":"","footnotes":""},"class_list":["post-3085767","page","type-page","status-publish","hentry"],"acf":[],"_links":{"self":[{"href":"https:\/\/www.clicdata.com\/fr\/wp-json\/wp\/v2\/pages\/3085767","targetHints":{"allow":["GET"]}}],"collection":[{"href":"https:\/\/www.clicdata.com\/fr\/wp-json\/wp\/v2\/pages"}],"about":[{"href":"https:\/\/www.clicdata.com\/fr\/wp-json\/wp\/v2\/types\/page"}],"author":[{"embeddable":true,"href":"https:\/\/www.clicdata.com\/fr\/wp-json\/wp\/v2\/users\/2"}],"replies":[{"embeddable":true,"href":"https:\/\/www.clicdata.com\/fr\/wp-json\/wp\/v2\/comments?post=3085767"}],"version-history":[{"count":1,"href":"https:\/\/www.clicdata.com\/fr\/wp-json\/wp\/v2\/pages\/3085767\/revisions"}],"predecessor-version":[{"id":3096544,"href":"https:\/\/www.clicdata.com\/fr\/wp-json\/wp\/v2\/pages\/3085767\/revisions\/3096544"}],"wp:attachment":[{"href":"https:\/\/www.clicdata.com\/fr\/wp-json\/wp\/v2\/media?parent=3085767"}],"curies":[{"name":"wp","href":"https:\/\/api.w.org\/{rel}","templated":true}]}}