{"id":3102118,"date":"2024-11-23T12:28:29","date_gmt":"2024-11-23T12:28:29","guid":{"rendered":"https:\/\/www.clicdata.com\/demostracion-del-libro\/"},"modified":"2026-03-17T14:41:58","modified_gmt":"2026-03-17T14:41:58","slug":"demostracion-del-libro","status":"publish","type":"page","link":"https:\/\/www.clicdata.com\/es\/demostracion-del-libro\/","title":{"rendered":"Reservar una demostraci\u00f3n"},"content":{"rendered":"","protected":false},"excerpt":{"rendered":"","protected":false},"author":2,"featured_media":0,"parent":0,"menu_order":0,"comment_status":"closed","ping_status":"closed","template":"","meta":{"_acf_changed":false,"_seopress_robots_primary_cat":"","_seopress_titles_title":"Reserva tu sesi\u00f3n con un especialista de producto ClicData","_seopress_titles_desc":"Programa una demostraci\u00f3n de 30 minutos con nuestros expertos en productos y comprueba c\u00f3mo ClicData puede satisfacer tus necesidades de datos y de negocio.","_seopress_robots_index":"","_seopress_analysis_target_kw":"","footnotes":""},"class_list":["post-3102118","page","type-page","status-publish","hentry"],"acf":[],"_links":{"self":[{"href":"https:\/\/www.clicdata.com\/es\/wp-json\/wp\/v2\/pages\/3102118","targetHints":{"allow":["GET"]}}],"collection":[{"href":"https:\/\/www.clicdata.com\/es\/wp-json\/wp\/v2\/pages"}],"about":[{"href":"https:\/\/www.clicdata.com\/es\/wp-json\/wp\/v2\/types\/page"}],"author":[{"embeddable":true,"href":"https:\/\/www.clicdata.com\/es\/wp-json\/wp\/v2\/users\/2"}],"replies":[{"embeddable":true,"href":"https:\/\/www.clicdata.com\/es\/wp-json\/wp\/v2\/comments?post=3102118"}],"version-history":[{"count":2,"href":"https:\/\/www.clicdata.com\/es\/wp-json\/wp\/v2\/pages\/3102118\/revisions"}],"predecessor-version":[{"id":3103684,"href":"https:\/\/www.clicdata.com\/es\/wp-json\/wp\/v2\/pages\/3102118\/revisions\/3103684"}],"wp:attachment":[{"href":"https:\/\/www.clicdata.com\/es\/wp-json\/wp\/v2\/media?parent=3102118"}],"curies":[{"name":"wp","href":"https:\/\/api.w.org\/{rel}","templated":true}]}}