{"id":3101836,"date":"2025-03-31T13:49:59","date_gmt":"2025-03-31T13:49:59","guid":{"rendered":"https:\/\/www.clicdata.com\/funciones\/rrhh\/"},"modified":"2025-03-31T13:49:59","modified_gmt":"2025-03-31T13:49:59","slug":"rrhh","status":"publish","type":"page","link":"https:\/\/www.clicdata.com\/es\/funciones\/rrhh\/","title":{"rendered":"RRHH"},"content":{"rendered":"","protected":false},"excerpt":{"rendered":"","protected":false},"author":8,"featured_media":0,"parent":3097431,"menu_order":0,"comment_status":"closed","ping_status":"closed","template":"","meta":{"_acf_changed":false,"_seopress_robots_primary_cat":"","_seopress_titles_title":"Herramienta de An\u00e1lisis de Datos para RRHH | ClicData","_seopress_titles_desc":"Mejora tus estrategias de RRHH con la anal\u00edtica de ClicData: mejora la captaci\u00f3n de talento, la retenci\u00f3n y el impacto de la RSC. Impulsa el crecimiento con informaci\u00f3n basada en datos. ","_seopress_robots_index":"","footnotes":""},"class_list":["post-3101836","page","type-page","status-publish","hentry"],"acf":[],"_links":{"self":[{"href":"https:\/\/www.clicdata.com\/es\/wp-json\/wp\/v2\/pages\/3101836","targetHints":{"allow":["GET"]}}],"collection":[{"href":"https:\/\/www.clicdata.com\/es\/wp-json\/wp\/v2\/pages"}],"about":[{"href":"https:\/\/www.clicdata.com\/es\/wp-json\/wp\/v2\/types\/page"}],"author":[{"embeddable":true,"href":"https:\/\/www.clicdata.com\/es\/wp-json\/wp\/v2\/users\/8"}],"replies":[{"embeddable":true,"href":"https:\/\/www.clicdata.com\/es\/wp-json\/wp\/v2\/comments?post=3101836"}],"version-history":[{"count":0,"href":"https:\/\/www.clicdata.com\/es\/wp-json\/wp\/v2\/pages\/3101836\/revisions"}],"up":[{"embeddable":true,"href":"https:\/\/www.clicdata.com\/es\/wp-json\/wp\/v2\/pages\/3097431"}],"wp:attachment":[{"href":"https:\/\/www.clicdata.com\/es\/wp-json\/wp\/v2\/media?parent=3101836"}],"curies":[{"name":"wp","href":"https:\/\/api.w.org\/{rel}","templated":true}]}}