{"id":3101830,"date":"2025-02-21T09:10:28","date_gmt":"2025-02-21T09:10:28","guid":{"rendered":"https:\/\/www.clicdata.com\/funciones\/marketing\/"},"modified":"2025-12-15T11:44:53","modified_gmt":"2025-12-15T11:44:53","slug":"marketing","status":"publish","type":"page","link":"https:\/\/www.clicdata.com\/es\/funciones\/marketing\/","title":{"rendered":"Marketing"},"content":{"rendered":"","protected":false},"excerpt":{"rendered":"","protected":false},"author":5,"featured_media":0,"parent":3097431,"menu_order":0,"comment_status":"closed","ping_status":"closed","template":"","meta":{"_acf_changed":false,"_seopress_robots_primary_cat":"","_seopress_titles_title":"Herramienta de An\u00e1lisis de Marketing para Optimizar Campa\u00f1as | ClicData","_seopress_titles_desc":"Maximiza el ROI de tu marketing con una potente herramienta de an\u00e1lisis de marketing. Analiza el rendimiento de las campa\u00f1as, los embudos de clientes potenciales y las m\u00e9tricas de conversi\u00f3n. ","_seopress_robots_index":"","footnotes":""},"class_list":["post-3101830","page","type-page","status-publish","hentry"],"acf":[],"_links":{"self":[{"href":"https:\/\/www.clicdata.com\/es\/wp-json\/wp\/v2\/pages\/3101830","targetHints":{"allow":["GET"]}}],"collection":[{"href":"https:\/\/www.clicdata.com\/es\/wp-json\/wp\/v2\/pages"}],"about":[{"href":"https:\/\/www.clicdata.com\/es\/wp-json\/wp\/v2\/types\/page"}],"author":[{"embeddable":true,"href":"https:\/\/www.clicdata.com\/es\/wp-json\/wp\/v2\/users\/5"}],"replies":[{"embeddable":true,"href":"https:\/\/www.clicdata.com\/es\/wp-json\/wp\/v2\/comments?post=3101830"}],"version-history":[{"count":1,"href":"https:\/\/www.clicdata.com\/es\/wp-json\/wp\/v2\/pages\/3101830\/revisions"}],"predecessor-version":[{"id":3102752,"href":"https:\/\/www.clicdata.com\/es\/wp-json\/wp\/v2\/pages\/3101830\/revisions\/3102752"}],"up":[{"embeddable":true,"href":"https:\/\/www.clicdata.com\/es\/wp-json\/wp\/v2\/pages\/3097431"}],"wp:attachment":[{"href":"https:\/\/www.clicdata.com\/es\/wp-json\/wp\/v2\/media?parent=3101830"}],"curies":[{"name":"wp","href":"https:\/\/api.w.org\/{rel}","templated":true}]}}