{"id":3101791,"date":"2025-02-07T21:42:39","date_gmt":"2025-02-07T21:42:39","guid":{"rendered":"https:\/\/www.clicdata.com\/sector\/venta-al-por-menor-y-comercio-electronico\/"},"modified":"2026-03-30T08:38:54","modified_gmt":"2026-03-30T08:38:54","slug":"venta-al-por-menor-y-comercio-electronico","status":"publish","type":"page","link":"https:\/\/www.clicdata.com\/es\/sector\/venta-al-por-menor-y-comercio-electronico\/","title":{"rendered":"Venta al por menor y comercio electr\u00f3nico"},"content":{"rendered":"","protected":false},"excerpt":{"rendered":"","protected":false},"author":2,"featured_media":0,"parent":3097453,"menu_order":0,"comment_status":"closed","ping_status":"closed","template":"","meta":{"_acf_changed":false,"_seopress_robots_primary_cat":"","_seopress_titles_title":"Software anal\u00edtico de comercio electr\u00f3nico para un comercio minorista m\u00e1s inteligente | ClicData","_seopress_titles_desc":"Utiliza el software de an\u00e1lisis de comercio electr\u00f3nico para realizar un seguimiento de las ventas, el inventario y el comportamiento de los clientes. Visualiza las m\u00e9tricas clave y optimiza el rendimiento de la tienda online. ","_seopress_robots_index":"","_seopress_analysis_target_kw":"","footnotes":""},"class_list":["post-3101791","page","type-page","status-publish","hentry"],"acf":[],"_links":{"self":[{"href":"https:\/\/www.clicdata.com\/es\/wp-json\/wp\/v2\/pages\/3101791","targetHints":{"allow":["GET"]}}],"collection":[{"href":"https:\/\/www.clicdata.com\/es\/wp-json\/wp\/v2\/pages"}],"about":[{"href":"https:\/\/www.clicdata.com\/es\/wp-json\/wp\/v2\/types\/page"}],"author":[{"embeddable":true,"href":"https:\/\/www.clicdata.com\/es\/wp-json\/wp\/v2\/users\/2"}],"replies":[{"embeddable":true,"href":"https:\/\/www.clicdata.com\/es\/wp-json\/wp\/v2\/comments?post=3101791"}],"version-history":[{"count":1,"href":"https:\/\/www.clicdata.com\/es\/wp-json\/wp\/v2\/pages\/3101791\/revisions"}],"predecessor-version":[{"id":3102742,"href":"https:\/\/www.clicdata.com\/es\/wp-json\/wp\/v2\/pages\/3101791\/revisions\/3102742"}],"up":[{"embeddable":true,"href":"https:\/\/www.clicdata.com\/es\/wp-json\/wp\/v2\/pages\/3097453"}],"wp:attachment":[{"href":"https:\/\/www.clicdata.com\/es\/wp-json\/wp\/v2\/media?parent=3101791"}],"curies":[{"name":"wp","href":"https:\/\/api.w.org\/{rel}","templated":true}]}}