{"id":3101782,"date":"2025-03-21T19:53:20","date_gmt":"2025-03-21T19:53:20","guid":{"rendered":"https:\/\/www.clicdata.com\/sector\/sanidad-y-farmacia\/"},"modified":"2026-03-30T09:25:10","modified_gmt":"2026-03-30T09:25:10","slug":"sanidad-y-farmacia","status":"publish","type":"page","link":"https:\/\/www.clicdata.com\/es\/sector\/sanidad-y-farmacia\/","title":{"rendered":"Sanidad y farmacia"},"content":{"rendered":"","protected":false},"excerpt":{"rendered":"","protected":false},"author":5,"featured_media":0,"parent":3097453,"menu_order":0,"comment_status":"closed","ping_status":"closed","template":"","meta":{"_acf_changed":false,"_seopress_robots_primary_cat":"","_seopress_titles_title":"Software Anal\u00edtico Sanitario para Mejores Resultados | ClicData","_seopress_titles_desc":"Utiliza el software de an\u00e1lisis sanitario para controlar los datos de los pacientes, las m\u00e9tricas de rendimiento y el cumplimiento. Mejora la asistencia con informaci\u00f3n basada en datos. ","_seopress_robots_index":"","_seopress_analysis_target_kw":"","footnotes":""},"class_list":["post-3101782","page","type-page","status-publish","hentry"],"acf":[],"_links":{"self":[{"href":"https:\/\/www.clicdata.com\/es\/wp-json\/wp\/v2\/pages\/3101782","targetHints":{"allow":["GET"]}}],"collection":[{"href":"https:\/\/www.clicdata.com\/es\/wp-json\/wp\/v2\/pages"}],"about":[{"href":"https:\/\/www.clicdata.com\/es\/wp-json\/wp\/v2\/types\/page"}],"author":[{"embeddable":true,"href":"https:\/\/www.clicdata.com\/es\/wp-json\/wp\/v2\/users\/5"}],"replies":[{"embeddable":true,"href":"https:\/\/www.clicdata.com\/es\/wp-json\/wp\/v2\/comments?post=3101782"}],"version-history":[{"count":1,"href":"https:\/\/www.clicdata.com\/es\/wp-json\/wp\/v2\/pages\/3101782\/revisions"}],"predecessor-version":[{"id":3102733,"href":"https:\/\/www.clicdata.com\/es\/wp-json\/wp\/v2\/pages\/3101782\/revisions\/3102733"}],"up":[{"embeddable":true,"href":"https:\/\/www.clicdata.com\/es\/wp-json\/wp\/v2\/pages\/3097453"}],"wp:attachment":[{"href":"https:\/\/www.clicdata.com\/es\/wp-json\/wp\/v2\/media?parent=3101782"}],"curies":[{"name":"wp","href":"https:\/\/api.w.org\/{rel}","templated":true}]}}