{"id":3097431,"date":"2025-02-13T12:37:46","date_gmt":"2025-02-13T12:37:46","guid":{"rendered":"https:\/\/www.clicdata.com\/funciones\/"},"modified":"2025-12-15T11:38:49","modified_gmt":"2025-12-15T11:38:49","slug":"funciones","status":"publish","type":"page","link":"https:\/\/www.clicdata.com\/es\/funciones\/","title":{"rendered":"Funciones"},"content":{"rendered":"","protected":false},"excerpt":{"rendered":"","protected":false},"author":2,"featured_media":0,"parent":0,"menu_order":0,"comment_status":"closed","ping_status":"closed","template":"","meta":{"_acf_changed":false,"_seopress_robots_primary_cat":"","_seopress_titles_title":"ClicData permite a todos los equipos estar m\u00e1s orientados a los datos","_seopress_titles_desc":"ClicData est\u00e1 hecho para especialistas en datos, operaciones, l\u00edderes de TI, gesti\u00f3n, ventas, marketing y contabilidad. Descubre c\u00f3mo ayudamos a 1.000 equipos de todo el mundo. ","_seopress_robots_index":"","_seopress_analysis_target_kw":"","footnotes":""},"class_list":["post-3097431","page","type-page","status-publish","hentry"],"acf":[],"_links":{"self":[{"href":"https:\/\/www.clicdata.com\/es\/wp-json\/wp\/v2\/pages\/3097431","targetHints":{"allow":["GET"]}}],"collection":[{"href":"https:\/\/www.clicdata.com\/es\/wp-json\/wp\/v2\/pages"}],"about":[{"href":"https:\/\/www.clicdata.com\/es\/wp-json\/wp\/v2\/types\/page"}],"author":[{"embeddable":true,"href":"https:\/\/www.clicdata.com\/es\/wp-json\/wp\/v2\/users\/2"}],"replies":[{"embeddable":true,"href":"https:\/\/www.clicdata.com\/es\/wp-json\/wp\/v2\/comments?post=3097431"}],"version-history":[{"count":1,"href":"https:\/\/www.clicdata.com\/es\/wp-json\/wp\/v2\/pages\/3097431\/revisions"}],"predecessor-version":[{"id":3099832,"href":"https:\/\/www.clicdata.com\/es\/wp-json\/wp\/v2\/pages\/3097431\/revisions\/3099832"}],"wp:attachment":[{"href":"https:\/\/www.clicdata.com\/es\/wp-json\/wp\/v2\/media?parent=3097431"}],"curies":[{"name":"wp","href":"https:\/\/api.w.org\/{rel}","templated":true}]}}