{"id":3097403,"date":"2024-11-03T13:42:13","date_gmt":"2024-11-03T13:42:13","guid":{"rendered":"https:\/\/www.clicdata.com\/analitica-avanzada-y-ml\/"},"modified":"2025-07-01T14:59:15","modified_gmt":"2025-07-01T14:59:15","slug":"analitica-avanzada-y-ml","status":"publish","type":"page","link":"https:\/\/www.clicdata.com\/es\/servicios\/analitica-avanzada-y-ml\/","title":{"rendered":"Anal\u00edtica avanzada y ML"},"content":{"rendered":"","protected":false},"excerpt":{"rendered":"","protected":false},"author":2,"featured_media":0,"parent":3097404,"menu_order":0,"comment_status":"closed","ping_status":"closed","template":"","meta":{"_acf_changed":false,"_seopress_robots_primary_cat":"","_seopress_titles_title":"Trabaja con nuestros cient\u00edficos de datos: ML, Estad\u00edstica Avanzada | ClicData","_seopress_titles_desc":"Acelera los proyectos con los Cient\u00edficos de Datos de ClicData. Mejora la previsi\u00f3n de ventas, la predicci\u00f3n de bajas y mucho m\u00e1s mediante el an\u00e1lisis exhaustivo de datos. ","_seopress_robots_index":"","_seopress_analysis_target_kw":"","footnotes":""},"class_list":["post-3097403","page","type-page","status-publish","hentry"],"acf":[],"_links":{"self":[{"href":"https:\/\/www.clicdata.com\/es\/wp-json\/wp\/v2\/pages\/3097403","targetHints":{"allow":["GET"]}}],"collection":[{"href":"https:\/\/www.clicdata.com\/es\/wp-json\/wp\/v2\/pages"}],"about":[{"href":"https:\/\/www.clicdata.com\/es\/wp-json\/wp\/v2\/types\/page"}],"author":[{"embeddable":true,"href":"https:\/\/www.clicdata.com\/es\/wp-json\/wp\/v2\/users\/2"}],"replies":[{"embeddable":true,"href":"https:\/\/www.clicdata.com\/es\/wp-json\/wp\/v2\/comments?post=3097403"}],"version-history":[{"count":1,"href":"https:\/\/www.clicdata.com\/es\/wp-json\/wp\/v2\/pages\/3097403\/revisions"}],"predecessor-version":[{"id":3097405,"href":"https:\/\/www.clicdata.com\/es\/wp-json\/wp\/v2\/pages\/3097403\/revisions\/3097405"}],"up":[{"embeddable":true,"href":"https:\/\/www.clicdata.com\/es\/wp-json\/wp\/v2\/pages\/3097404"}],"wp:attachment":[{"href":"https:\/\/www.clicdata.com\/es\/wp-json\/wp\/v2\/media?parent=3097403"}],"curies":[{"name":"wp","href":"https:\/\/api.w.org\/{rel}","templated":true}]}}