{"id":3097399,"date":"2024-11-09T19:47:46","date_gmt":"2024-11-09T19:47:46","guid":{"rendered":"https:\/\/www.clicdata.com\/plataforma\/mapa-de-carreteras\/"},"modified":"2026-03-17T09:47:06","modified_gmt":"2026-03-17T09:47:06","slug":"mapa-de-carreteras","status":"publish","type":"page","link":"https:\/\/www.clicdata.com\/es\/plataforma\/mapa-de-carreteras\/","title":{"rendered":"Roadmap"},"content":{"rendered":"","protected":false},"excerpt":{"rendered":"","protected":false},"author":2,"featured_media":0,"parent":3097381,"menu_order":0,"comment_status":"closed","ping_status":"closed","template":"","meta":{"_acf_changed":false,"_seopress_robots_primary_cat":"","_seopress_titles_title":"Descubre nuestra visi\u00f3n y Roadmap | ClicData","_seopress_titles_desc":"Echa un vistazo a nuestra hoja de ruta de dos a\u00f1os: nuevas funciones, integraci\u00f3n avanzada de datos, innovaciones impulsadas por IA y mucho m\u00e1s.","_seopress_robots_index":"","footnotes":""},"class_list":["post-3097399","page","type-page","status-publish","hentry"],"acf":[],"_links":{"self":[{"href":"https:\/\/www.clicdata.com\/es\/wp-json\/wp\/v2\/pages\/3097399","targetHints":{"allow":["GET"]}}],"collection":[{"href":"https:\/\/www.clicdata.com\/es\/wp-json\/wp\/v2\/pages"}],"about":[{"href":"https:\/\/www.clicdata.com\/es\/wp-json\/wp\/v2\/types\/page"}],"author":[{"embeddable":true,"href":"https:\/\/www.clicdata.com\/es\/wp-json\/wp\/v2\/users\/2"}],"replies":[{"embeddable":true,"href":"https:\/\/www.clicdata.com\/es\/wp-json\/wp\/v2\/comments?post=3097399"}],"version-history":[{"count":1,"href":"https:\/\/www.clicdata.com\/es\/wp-json\/wp\/v2\/pages\/3097399\/revisions"}],"predecessor-version":[{"id":3103663,"href":"https:\/\/www.clicdata.com\/es\/wp-json\/wp\/v2\/pages\/3097399\/revisions\/3103663"}],"up":[{"embeddable":true,"href":"https:\/\/www.clicdata.com\/es\/wp-json\/wp\/v2\/pages\/3097381"}],"wp:attachment":[{"href":"https:\/\/www.clicdata.com\/es\/wp-json\/wp\/v2\/media?parent=3097399"}],"curies":[{"name":"wp","href":"https:\/\/api.w.org\/{rel}","templated":true}]}}