{"id":3097393,"date":"2025-02-04T18:22:14","date_gmt":"2025-02-04T18:22:14","guid":{"rendered":"https:\/\/www.clicdata.com\/plataforma\/casos-practicos\/"},"modified":"2025-12-02T11:07:39","modified_gmt":"2025-12-02T11:07:39","slug":"casos-practicos","status":"publish","type":"page","link":"https:\/\/www.clicdata.com\/es\/plataforma\/casos-practicos\/","title":{"rendered":"Casos pr\u00e1cticos"},"content":{"rendered":"","protected":false},"excerpt":{"rendered":"","protected":false},"author":2,"featured_media":0,"parent":3097381,"menu_order":0,"comment_status":"closed","ping_status":"closed","template":"","meta":{"_acf_changed":false,"_seopress_robots_primary_cat":"","_seopress_titles_title":"Explora los casos de uso de nuestra plataforma de gesti\u00f3n de datos | ClicData","_seopress_titles_desc":"Explora casos de uso reales de plataformas de gesti\u00f3n de datos. Descubre c\u00f3mo empresas de todos los sectores limpian, gestionan y aprovechan los datos para obtener mejores resultados. ","_seopress_robots_index":"","_seopress_analysis_target_kw":"","footnotes":""},"class_list":["post-3097393","page","type-page","status-publish","hentry"],"acf":[],"_links":{"self":[{"href":"https:\/\/www.clicdata.com\/es\/wp-json\/wp\/v2\/pages\/3097393","targetHints":{"allow":["GET"]}}],"collection":[{"href":"https:\/\/www.clicdata.com\/es\/wp-json\/wp\/v2\/pages"}],"about":[{"href":"https:\/\/www.clicdata.com\/es\/wp-json\/wp\/v2\/types\/page"}],"author":[{"embeddable":true,"href":"https:\/\/www.clicdata.com\/es\/wp-json\/wp\/v2\/users\/2"}],"replies":[{"embeddable":true,"href":"https:\/\/www.clicdata.com\/es\/wp-json\/wp\/v2\/comments?post=3097393"}],"version-history":[{"count":1,"href":"https:\/\/www.clicdata.com\/es\/wp-json\/wp\/v2\/pages\/3097393\/revisions"}],"predecessor-version":[{"id":3102586,"href":"https:\/\/www.clicdata.com\/es\/wp-json\/wp\/v2\/pages\/3097393\/revisions\/3102586"}],"up":[{"embeddable":true,"href":"https:\/\/www.clicdata.com\/es\/wp-json\/wp\/v2\/pages\/3097381"}],"wp:attachment":[{"href":"https:\/\/www.clicdata.com\/es\/wp-json\/wp\/v2\/media?parent=3097393"}],"curies":[{"name":"wp","href":"https:\/\/api.w.org\/{rel}","templated":true}]}}