{"id":3097390,"date":"2025-03-29T20:14:39","date_gmt":"2025-03-29T20:14:39","guid":{"rendered":"https:\/\/www.clicdata.com\/plataforma\/analisis-integrados-y-marca-blanca\/"},"modified":"2025-12-02T10:59:56","modified_gmt":"2025-12-02T10:59:56","slug":"analisis-integrados-y-marca-blanca","status":"publish","type":"page","link":"https:\/\/www.clicdata.com\/es\/plataforma\/analisis-integrados-y-marca-blanca\/","title":{"rendered":"An\u00e1lisis integrados y marca blanca"},"content":{"rendered":"","protected":false},"excerpt":{"rendered":"","protected":false},"author":2,"featured_media":0,"parent":3097381,"menu_order":0,"comment_status":"closed","ping_status":"closed","template":"","meta":{"_acf_changed":false,"_seopress_robots_primary_cat":"","_seopress_titles_title":"Plataforma anal\u00edtica integrada para potenciar tus aplicaciones | ClicData","_seopress_titles_desc":"Mejora tus aplicaciones con una plataforma de an\u00e1lisis integrada y rica en funciones, dise\u00f1ada para cuadros de mando en tiempo real, generaci\u00f3n de informes e integraci\u00f3n sin fisuras.","_seopress_robots_index":"","_seopress_analysis_target_kw":"","footnotes":""},"class_list":["post-3097390","page","type-page","status-publish","hentry"],"acf":[],"_links":{"self":[{"href":"https:\/\/www.clicdata.com\/es\/wp-json\/wp\/v2\/pages\/3097390","targetHints":{"allow":["GET"]}}],"collection":[{"href":"https:\/\/www.clicdata.com\/es\/wp-json\/wp\/v2\/pages"}],"about":[{"href":"https:\/\/www.clicdata.com\/es\/wp-json\/wp\/v2\/types\/page"}],"author":[{"embeddable":true,"href":"https:\/\/www.clicdata.com\/es\/wp-json\/wp\/v2\/users\/2"}],"replies":[{"embeddable":true,"href":"https:\/\/www.clicdata.com\/es\/wp-json\/wp\/v2\/comments?post=3097390"}],"version-history":[{"count":1,"href":"https:\/\/www.clicdata.com\/es\/wp-json\/wp\/v2\/pages\/3097390\/revisions"}],"predecessor-version":[{"id":3102532,"href":"https:\/\/www.clicdata.com\/es\/wp-json\/wp\/v2\/pages\/3097390\/revisions\/3102532"}],"up":[{"embeddable":true,"href":"https:\/\/www.clicdata.com\/es\/wp-json\/wp\/v2\/pages\/3097381"}],"wp:attachment":[{"href":"https:\/\/www.clicdata.com\/es\/wp-json\/wp\/v2\/media?parent=3097390"}],"curies":[{"name":"wp","href":"https:\/\/api.w.org\/{rel}","templated":true}]}}