{"id":3097375,"date":"2025-02-10T12:21:24","date_gmt":"2025-02-10T12:21:24","guid":{"rendered":"https:\/\/www.clicdata.com\/transmitir-exportar-y-publicar\/"},"modified":"2025-12-02T10:47:09","modified_gmt":"2025-12-02T10:47:09","slug":"transmitir-exportar-y-publicar","status":"publish","type":"page","link":"https:\/\/www.clicdata.com\/es\/plataforma\/transmitir-exportar-y-publicar\/","title":{"rendered":"Transmitir, exportar y publicar"},"content":{"rendered":"","protected":false},"excerpt":{"rendered":"","protected":false},"author":2,"featured_media":0,"parent":3097381,"menu_order":0,"comment_status":"closed","ping_status":"closed","template":"","meta":{"_acf_changed":false,"_seopress_robots_primary_cat":"","_seopress_titles_title":"Plataforma de flujo de datos: Colabora en Tiempo Real| ClicData","_seopress_titles_desc":"Comparte y transmite datos en tiempo real entre equipos utilizando nuestra plataforma segura de transmisi\u00f3n de datos. Permite la colaboraci\u00f3n en directo y una toma de decisiones m\u00e1s r\u00e1pida. ","_seopress_robots_index":"","_seopress_analysis_target_kw":"","footnotes":""},"class_list":["post-3097375","page","type-page","status-publish","hentry"],"acf":[],"_links":{"self":[{"href":"https:\/\/www.clicdata.com\/es\/wp-json\/wp\/v2\/pages\/3097375","targetHints":{"allow":["GET"]}}],"collection":[{"href":"https:\/\/www.clicdata.com\/es\/wp-json\/wp\/v2\/pages"}],"about":[{"href":"https:\/\/www.clicdata.com\/es\/wp-json\/wp\/v2\/types\/page"}],"author":[{"embeddable":true,"href":"https:\/\/www.clicdata.com\/es\/wp-json\/wp\/v2\/users\/2"}],"replies":[{"embeddable":true,"href":"https:\/\/www.clicdata.com\/es\/wp-json\/wp\/v2\/comments?post=3097375"}],"version-history":[{"count":1,"href":"https:\/\/www.clicdata.com\/es\/wp-json\/wp\/v2\/pages\/3097375\/revisions"}],"predecessor-version":[{"id":3097388,"href":"https:\/\/www.clicdata.com\/es\/wp-json\/wp\/v2\/pages\/3097375\/revisions\/3097388"}],"up":[{"embeddable":true,"href":"https:\/\/www.clicdata.com\/es\/wp-json\/wp\/v2\/pages\/3097381"}],"wp:attachment":[{"href":"https:\/\/www.clicdata.com\/es\/wp-json\/wp\/v2\/media?parent=3097375"}],"curies":[{"name":"wp","href":"https:\/\/api.w.org\/{rel}","templated":true}]}}